{"id":9569,"date":"2018-11-27T09:18:42","date_gmt":"2018-11-27T08:18:42","guid":{"rendered":"https:\/\/www.infanterix.de\/?page_id=9569"},"modified":"2023-06-12T10:04:27","modified_gmt":"2023-06-12T08:04:27","slug":"hinweis-elternbeitraege-mff","status":"publish","type":"page","link":"https:\/\/www.infanterix.de\/fr\/hilfselemente\/hinweis-elternbeitraege-mff\/","title":{"rendered":"Hinweis Elternbeitr\u00e4ge MFF &#8211; F"},"content":{"rendered":"<p>Les horaires de pr\u00e9sence obligatoire sont de 8h45 \u00e0 12h45, du lundi au vendredi. Cette plage horaire doit donc \u00eatre incluse dans les heures r\u00e9serv\u00e9es pour tous les enfants. Votre contribution financi\u00e8re est une ressource essentielle \u00e0 nos frais de fonctionnement et est \u00e9galement redevable en p\u00e9riode de fermeture annuelle ou en cas d\u2019absence de votre enfant.<\/p>\n","protected":false},"excerpt":{"rendered":"<p>Les horaires de pr\u00e9sence obligatoire sont de 8h45 \u00e0 12h45, du lundi au vendredi. Cette plage horaire doit donc \u00eatre incluse dans les heures r\u00e9serv\u00e9es pour tous les enfants. Votre contribution financi\u00e8re est une ressource essentielle \u00e0 nos frais de fonctionnement et est \u00e9galement redevable&#8230;<\/p>\n","protected":false},"author":23,"featured_media":0,"parent":4190,"menu_order":0,"comment_status":"closed","ping_status":"closed","template":"","meta":{"footnotes":""},"class_list":["post-9569","page","type-page","status-publish","hentry"],"translation":{"provider":"WPGlobus","version":"2.12.0","language":"fr","enabled_languages":["de","en","fr"],"languages":{"de":{"title":true,"content":true,"excerpt":false},"en":{"title":true,"content":true,"excerpt":false},"fr":{"title":true,"content":true,"excerpt":false}}},"_links":{"self":[{"href":"https:\/\/www.infanterix.de\/fr\/wp-json\/wp\/v2\/pages\/9569","targetHints":{"allow":["GET"]}}],"collection":[{"href":"https:\/\/www.infanterix.de\/fr\/wp-json\/wp\/v2\/pages"}],"about":[{"href":"https:\/\/www.infanterix.de\/fr\/wp-json\/wp\/v2\/types\/page"}],"author":[{"embeddable":true,"href":"https:\/\/www.infanterix.de\/fr\/wp-json\/wp\/v2\/users\/23"}],"replies":[{"embeddable":true,"href":"https:\/\/www.infanterix.de\/fr\/wp-json\/wp\/v2\/comments?post=9569"}],"version-history":[{"count":3,"href":"https:\/\/www.infanterix.de\/fr\/wp-json\/wp\/v2\/pages\/9569\/revisions"}],"predecessor-version":[{"id":31800,"href":"https:\/\/www.infanterix.de\/fr\/wp-json\/wp\/v2\/pages\/9569\/revisions\/31800"}],"up":[{"embeddable":true,"href":"https:\/\/www.infanterix.de\/fr\/wp-json\/wp\/v2\/pages\/4190"}],"wp:attachment":[{"href":"https:\/\/www.infanterix.de\/fr\/wp-json\/wp\/v2\/media?parent=9569"}],"curies":[{"name":"wp","href":"https:\/\/api.w.org\/{rel}","templated":true}]}}