{"id":768,"date":"2013-06-18T08:15:53","date_gmt":"2013-06-18T06:15:53","guid":{"rendered":"https:\/\/www.infanterix.de\/?page_id=768"},"modified":"2023-01-19T08:13:52","modified_gmt":"2023-01-19T07:13:52","slug":"presse","status":"publish","type":"page","link":"https:\/\/www.infanterix.de\/fr\/aktuelles-presse\/presse\/","title":{"rendered":"Presse"},"content":{"rendered":"<p>Les articles et les communiqu\u00e9s de presse sont disponibles uniquement en allemand.<\/p>\n<h1>Communiqu\u00e9s de presse d&rsquo;Infanterix<\/h1>\n<ul>\n<li><a href=\"https:\/\/www.infanterix.de\/wp-content\/uploads\/Pressemitteilung-Georg-Eisenreich-201504211.pdf\" target=\"_blank\" rel=\"noopener noreferrer\">Georg Eisenreich zu Besuch bei Infanterix Blumenau<\/a><\/li>\n<li><a href=\"https:\/\/www.infanterix.de\/wp-content\/uploads\/2019\/03\/Pressemitteilung-\u00dcbernahme-Gl\u00fccksb\u00e4ren.pdf\" target=\"_blank\" rel=\"noopener noreferrer\">Infanterix \u00dcbernahme Kita Gl\u00fccksb\u00e4ren<\/a><\/li>\n<li><a href=\"https:\/\/www.infanterix.de\/wp-content\/uploads\/6+-+ErC3B6ffnung+Infanterix+Harras+20090218.pdf\" target=\"_blank\" rel=\"noopener noreferrer\">Er\u00f6ffnung Infanterix Harras<\/a><\/li>\n<\/ul>\n<div style=\"\" class=\"separator normal\"><\/div>\n<h2>Articles de presse<\/h2>\n<ul>\n<li><a href=\"https:\/\/www.infanterix.de\/wp-content\/uploads\/2017\/10\/20171018-BR24-Anspruch-und-Alltag_-Wie-gut-sind-private-Kitas.pdf\" target=\"_blank\" rel=\"noopener noreferrer\"><strong>Anspruch und Alltag &#8211; Wie gut sind private Kitas?<\/strong><br \/>\n(BR 24 vom 18. Oktober 2017)<\/a><\/li>\n<li><a href=\"https:\/\/www.infanterix.de\/wp-content\/uploads\/2017\/10\/20170529-S\u00fcddeutsche-Zeitung-Auch-Kostenfreiheit-hat-ihre-Zw\u00e4nge.pdf\" target=\"_blank\" rel=\"noopener noreferrer\"><strong>Auch Kostenfreiheit hat ihre Zw\u00e4nge<\/strong><br \/>\n(S\u00fcddeutsche Zeitung vom 29. Mai 2017)<\/a><\/li>\n<li><strong><a href=\"https:\/\/www.infanterix.de\/wp-content\/uploads\/20160714-courrierinternational-Ces-familles-qui-misent-sur-le.pdf\" target=\"_blank\" rel=\"noopener noreferrer\">Ces familles qui misent sur le multilinguisme<\/a><\/strong><br \/>\n(Article de www.courrierinternational.com\/)<\/li>\n<li><strong><a href=\"https:\/\/www.infanterix.de\/wp-content\/uploads\/201607-Munich-Madame.pdf\" target=\"_blank\" rel=\"noopener noreferrer\">Infanterix, cr\u00e8ches et jardin d&rsquo;enfants bilingues &gt;Infanterix, cr\u00e8ches et jardin d\u2019enfants bilingues<\/a><\/strong><br \/>\n(Article de munichmadame.com juillet 2016)<\/li>\n<li><a href=\"https:\/\/www.infanterix.de\/wp-content\/uploads\/2018\/05\/20160527-S\u00fcddeutsche-Zeitung-Bilingualit\u00e4t-Polyglott-Plaudern.pdf\" target=\"_blank\" rel=\"noopener noreferrer\"><strong>Bilingualit\u00e4t &#8211; Polyglott Plaudern<\/strong><br \/>\n(S\u00fcddeutsche Zeitung 27. Mai 2016)<\/a><\/li>\n<li><a href=\"https:\/\/www.infanterix.de\/wp-content\/uploads\/2018\/05\/20150823-S\u00fcddeutsche-Zeitung-Schwabing-Platz-f\u00fcr-die-Kleinen.pdf\" target=\"_blank\" rel=\"noopener noreferrer\"><strong>Platz f\u00fcr die Kleinen<\/strong><br \/>\n(S\u00fcddeutsche Zeitung 23. August 2015)<\/a><\/li>\n<li><strong><a href=\"http:\/\/www.br.de\/mediathek\/video\/pseminar-2014-2015-kulturen-114.html\" target=\"_blank\" rel=\"noopener noreferrer\">Infanterix ein Kindergarten der Kulturen<\/a><\/strong><br \/>\n(BR Mediathek &#8211; P-Seminar 2014\/2015)<\/li>\n<li><strong><a href=\"https:\/\/www.infanterix.de\/wp-content\/uploads\/2018\/05\/20131022-S\u00fcddeutsche-Zeitung-Kitas-ohne-st\u00e4dtische-F\u00f6rderung-Eine-Sprache-zu-viel.pdf\" target=\"_blank\" rel=\"noopener noreferrer\">Eine Sprache zuviel &#8211; Kitas ohne st\u00e4dtische F\u00f6rderung<\/a><\/strong><br \/>\n(S\u00fcddeutsche Zeitung 22. Oktober 2013)<\/li>\n<li><a href=\"https:\/\/www.infanterix.de\/wp-content\/uploads\/2018\/05\/20130511-AZ-M\u00fcnchen-Muttertag.pdf\" target=\"_blank\" rel=\"noopener noreferrer\"><strong>Mit Liebe &#8211; f\u00fcr Mama<\/strong><\/a><br \/>\n(AZ M\u00fcnchen 11. Mai 2013)<\/li>\n<li><strong><a href=\"https:\/\/www.infanterix.de\/wp-content\/uploads\/Hallo+MC3BCnchen+20110105.pdf\" target=\"_blank\" rel=\"noopener noreferrer\">Kitas: Kostet Singen k\u00fcnftig Geld<\/a><\/strong><br \/>\n(Hallo M\u00fcnchen 05. Januar 2011)<\/li>\n<li><strong><a href=\"https:\/\/www.infanterix.de\/wp-content\/uploads\/2018\/05\/20101103-Hallo-M\u00fcnchen-So-lernen-Zwergerl-spielend-Sprache.pdf\" target=\"_blank\" rel=\"noopener noreferrer\">Franz\u00f6sisch lernen &#8211; Tag f\u00fcr Tag. Die kleine Rebecca plant ihre Woche jetzt selbst&#8230;<\/a><\/strong><br \/>\n(Hallo M\u00fcnchen 03. November 2010)<\/li>\n<li><strong><a href=\"https:\/\/www.infanterix.de\/wp-content\/uploads\/2018\/05\/20101006-Hallo-M\u00fcnchen-Kinder-erziehen.-M\u00e4nnersache-20101006.pdf\" target=\"_blank\" rel=\"noopener noreferrer\">Kinder erziehen &#8211; M\u00e4nnersache?! Neues Projekt will mehr P\u00e4dagogen f\u00fcr Tagesst\u00e4tten gewinnen.<\/a><\/strong><br \/>\n(Hallo M\u00fcnchen 06. Oktober 2010)<\/li>\n<li><strong><a href=\"https:\/\/www.infanterix.de\/wp-content\/uploads\/Infanterix-LeJardin_Presse_KidsGo.pdf\" target=\"_blank\" rel=\"noopener noreferrer\">Full House &#8211; Mehrsprachige Kinderkrippe wird erweitert<\/a><\/strong><br \/>\n(KidsGo M\u00fcnchen &#8211; Ausgabe Juli\/August\/September 2007)<\/li>\n<li><strong><a href=\"https:\/\/www.infanterix.de\/wp-content\/uploads\/Infanterix-LeJardin_Presse_Focus-44-2007.pdf\" target=\"_blank\" rel=\"noopener noreferrer\">Wohin mit dem Kind? Die Diskussion \u00fcber \u00ab\u00a0Krippe oder \u00b4Mama\u00a0\u00bb spaltet die deutsche Gesellschaft.&nbsp;<\/a><a href=\"https:\/\/www.infanterix.de\/wp-content\/uploads\/Infanterix-LeJardin_Presse_Focus-44-2007.pdf\" target=\"_blank\" rel=\"noopener noreferrer\">Den Preis zahlen die Frauen und &#8211; die Allerkleinsten<\/a><\/strong><br \/>\n(Focus &#8211; Ausgabe 44 \/ 2007; Le jardin \/ Infanterix)<\/li>\n<\/ul>\n<p>&nbsp;<\/p>\n","protected":false},"excerpt":{"rendered":"<p>Les articles et les communiqu\u00e9s de presse sont disponibles uniquement en allemand. Communiqu\u00e9s de presse d&rsquo;Infanterix Georg Eisenreich zu Besuch bei Infanterix Blumenau Infanterix \u00dcbernahme Kita Gl\u00fccksb\u00e4ren Er\u00f6ffnung Infanterix Harras Articles de presse Anspruch und Alltag &#8211; Wie gut sind private Kitas? (BR 24 vom&#8230;<\/p>\n","protected":false},"author":3,"featured_media":4964,"parent":58,"menu_order":0,"comment_status":"closed","ping_status":"closed","template":"","meta":{"footnotes":""},"class_list":["post-768","page","type-page","status-publish","has-post-thumbnail","hentry"],"translation":{"provider":"WPGlobus","version":"2.12.0","language":"fr","enabled_languages":["de","en","fr"],"languages":{"de":{"title":true,"content":true,"excerpt":false},"en":{"title":true,"content":true,"excerpt":false},"fr":{"title":true,"content":true,"excerpt":false}}},"_links":{"self":[{"href":"https:\/\/www.infanterix.de\/fr\/wp-json\/wp\/v2\/pages\/768","targetHints":{"allow":["GET"]}}],"collection":[{"href":"https:\/\/www.infanterix.de\/fr\/wp-json\/wp\/v2\/pages"}],"about":[{"href":"https:\/\/www.infanterix.de\/fr\/wp-json\/wp\/v2\/types\/page"}],"author":[{"embeddable":true,"href":"https:\/\/www.infanterix.de\/fr\/wp-json\/wp\/v2\/users\/3"}],"replies":[{"embeddable":true,"href":"https:\/\/www.infanterix.de\/fr\/wp-json\/wp\/v2\/comments?post=768"}],"version-history":[{"count":4,"href":"https:\/\/www.infanterix.de\/fr\/wp-json\/wp\/v2\/pages\/768\/revisions"}],"predecessor-version":[{"id":29247,"href":"https:\/\/www.infanterix.de\/fr\/wp-json\/wp\/v2\/pages\/768\/revisions\/29247"}],"up":[{"embeddable":true,"href":"https:\/\/www.infanterix.de\/fr\/wp-json\/wp\/v2\/pages\/58"}],"wp:featuredmedia":[{"embeddable":true,"href":"https:\/\/www.infanterix.de\/fr\/wp-json\/wp\/v2\/media\/4964"}],"wp:attachment":[{"href":"https:\/\/www.infanterix.de\/fr\/wp-json\/wp\/v2\/media?parent=768"}],"curies":[{"name":"wp","href":"https:\/\/api.w.org\/{rel}","templated":true}]}}