{"id":766,"date":"2013-06-18T08:13:57","date_gmt":"2013-06-18T06:13:57","guid":{"rendered":"https:\/\/www.infanterix.de\/?page_id=766"},"modified":"2023-01-19T08:14:44","modified_gmt":"2023-01-19T07:14:44","slug":"downloads","status":"publish","type":"page","link":"https:\/\/www.infanterix.de\/fr\/aktuelles-presse\/downloads\/","title":{"rendered":"T\u00e9l\u00e9chargements"},"content":{"rendered":"<h1>T\u00e9l\u00e9chargements<\/h1>\n<p>Toute copie partielle ou enti\u00e8re du contenu de ce site &#8211; textes, documents, logo et photos, doit se faire sans d\u00e9naturation, modification ou alt\u00e9ration de quelque mani\u00e8re que ce soit, et comporter la mention suivante \u00ab\u00a0COPYRIGHT INFANTERIX TOUS DROITS R\u00c9SERV\u00c9S\u00a0\u00bb, inscrite lisiblement.<\/p>\n<h2><div style=\"\" class=\"separator normal\"><\/div><\/h2>\n<h2>Illustrations &amp; Logo \u00e0 t\u00e9l\u00e9charger<\/h2>\n<ul>\n<li><a href=\"https:\/\/www.infanterix.de\/wp-content\/uploads\/2017\/10\/Logo-Infanterix-transparent-dt.png\" target=\"_blank\" rel=\"noopener\">Infanterix Logo (DE)<\/a><\/li>\n<li><a href=\"https:\/\/www.infanterix.de\/wp-content\/uploads\/2017\/10\/Logo-Infanterix-transparent-en.png\" target=\"_blank\" rel=\"noopener\">Infanterix Logo (EN)<\/a><\/li>\n<li><a href=\"https:\/\/www.infanterix.de\/wp-content\/uploads\/2017\/10\/Logo-Infanterix-transparent-fr.png\" target=\"_blank\" rel=\"noopener\">Infanterix Logo (FR)<\/a><\/li>\n<\/ul>\n<p>Si vous avez besoin du logo dans une plus haute r\u00e9solution ou dans un autre format de fichier, n&rsquo;h\u00e9sitez pas \u00e0 nous demander.<\/p>\n<h3><div style=\"\" class=\"separator normal\"><\/div><\/h3>\n<h2>Flyers Infanterix \u00e0 t\u00e9l\u00e9charger<\/h2>\n<ul>\n<li><a href=\"https:\/\/www.infanterix.de\/wp-content\/uploads\/2018\/06\/Faltblatt-Infanterix-fr-2018.pdf\" target=\"_blank\" rel=\"noopener\">Infanterix Flyer (FR)<\/a><\/li>\n<li><a href=\"https:\/\/www.infanterix.de\/wp-content\/uploads\/2018\/06\/Faltblatt-Infanterix-dt-2018.pdf\" target=\"_blank\" rel=\"noopener\">Infanterix Flyer (DE)<\/a><\/li>\n<li><a href=\"https:\/\/www.infanterix.de\/wp-content\/uploads\/2018\/06\/Faltblatt-Infanterix-en-2018.pdf\" target=\"_blank\" rel=\"noopener\">Infanterix Flyer (EN)<\/a><\/li>\n<\/ul>\n","protected":false},"excerpt":{"rendered":"<p>T\u00e9l\u00e9chargements Toute copie partielle ou enti\u00e8re du contenu de ce site &#8211; textes, documents, logo et photos, doit se faire sans d\u00e9naturation, modification ou alt\u00e9ration de quelque mani\u00e8re que ce soit, et comporter la mention suivante \u00ab\u00a0COPYRIGHT INFANTERIX TOUS DROITS R\u00c9SERV\u00c9S\u00a0\u00bb, inscrite lisiblement. Illustrations &amp;&#8230;<\/p>\n","protected":false},"author":3,"featured_media":4952,"parent":58,"menu_order":1,"comment_status":"closed","ping_status":"closed","template":"","meta":{"footnotes":""},"class_list":["post-766","page","type-page","status-publish","has-post-thumbnail","hentry"],"translation":{"provider":"WPGlobus","version":"2.12.0","language":"fr","enabled_languages":["de","en","fr"],"languages":{"de":{"title":true,"content":true,"excerpt":false},"en":{"title":true,"content":true,"excerpt":false},"fr":{"title":true,"content":true,"excerpt":false}}},"_links":{"self":[{"href":"https:\/\/www.infanterix.de\/fr\/wp-json\/wp\/v2\/pages\/766","targetHints":{"allow":["GET"]}}],"collection":[{"href":"https:\/\/www.infanterix.de\/fr\/wp-json\/wp\/v2\/pages"}],"about":[{"href":"https:\/\/www.infanterix.de\/fr\/wp-json\/wp\/v2\/types\/page"}],"author":[{"embeddable":true,"href":"https:\/\/www.infanterix.de\/fr\/wp-json\/wp\/v2\/users\/3"}],"replies":[{"embeddable":true,"href":"https:\/\/www.infanterix.de\/fr\/wp-json\/wp\/v2\/comments?post=766"}],"version-history":[{"count":4,"href":"https:\/\/www.infanterix.de\/fr\/wp-json\/wp\/v2\/pages\/766\/revisions"}],"predecessor-version":[{"id":29250,"href":"https:\/\/www.infanterix.de\/fr\/wp-json\/wp\/v2\/pages\/766\/revisions\/29250"}],"up":[{"embeddable":true,"href":"https:\/\/www.infanterix.de\/fr\/wp-json\/wp\/v2\/pages\/58"}],"wp:featuredmedia":[{"embeddable":true,"href":"https:\/\/www.infanterix.de\/fr\/wp-json\/wp\/v2\/media\/4952"}],"wp:attachment":[{"href":"https:\/\/www.infanterix.de\/fr\/wp-json\/wp\/v2\/media?parent=766"}],"curies":[{"name":"wp","href":"https:\/\/api.w.org\/{rel}","templated":true}]}}