{"id":69,"date":"2013-03-01T09:39:13","date_gmt":"2013-03-01T09:39:13","guid":{"rendered":"https:\/\/www.infanterix.de\/?page_id=69"},"modified":"2025-05-21T12:03:45","modified_gmt":"2025-05-21T10:03:45","slug":"karriere","status":"publish","type":"page","link":"https:\/\/www.infanterix.de\/fr\/karriere\/","title":{"rendered":"Carri\u00e8res"},"content":{"rendered":"<section class='parallax'>\n<section id=\"1\" style=\"background-image:url(); background-color:;\" data-height=\"\" data-title=\"...\"><div class=\"parallax_content center\">\n<div style=\"margin-top:40px;margin-bottom:30px;\" class=\"separator transparent\"><\/div>\n<h2>Vous recherchez un nouveau d\u00e9fi professionnel ?<\/h2>\n<div style=\"margin-top:5px;margin-bottom:5px;\" class=\"separator transparent\"><\/div>\n<h3>Nos offres d\u2019emploi pour vous !<\/h3>\n<div style=\"margin-top:35px;margin-bottom:35px;\" class=\"separator transparent\"><\/div>\n<div class=\"two_columns_50_50 clearfix\"><div class=\"column1\"><div class=\"column_inner\">\n<p style=\"text-align: right;\">Que vous souhaitez rejoindre nos \u00e9quipes en tant qu&rsquo;\u00e9ducateur, auxiliaire ou encore en tant qu&#8217;employ\u00e9 administratif, n&rsquo;h\u00e9sitez pas \u00e0 prendre connaissance de nos offres d&#8217;emploi. Nous avons certainement le poste qui vous correspond.<\/p>\n<p style=\"text-align: left;\"><div style=\"margin-top:10px;margin-bottom:15px;\" class=\"separator transparent\"><\/div>\n<p style=\"text-align: right;\"><a href=\"https:\/\/infanterix-grandir.jobs.personio.de\/?language=fr\" target=\"_self\" class=\"button small  with_shadow\" style=\"\">Lire la suite<\/a>\n<\/div><\/div>\n<div class=\"column2\"><div class=\"column_inner\">\n<div class='element_from_left'><div>\n<p><img fetchpriority=\"high\" decoding=\"async\" class=\"alignnone size-medium wp-image-5688\" src=\"https:\/\/www.infanterix.de\/wp-content\/uploads\/2017\/10\/Team-Gedanke.jpg\" alt=\"\" width=\"400\" height=\"267\" \/><\/p>\n<\/div><\/div>\n<\/div><\/div><\/div>\n<\/div><\/section>\n<div style=\"margin-top:20px;margin-bottom:0px;\" class=\"separator full_width\"><\/div>\n<section id=\"2\" style=\"background-image:url(); background-color:#f8f8f8;\" data-height=\"\" data-title=\"...\"><div class=\"parallax_content center\">\n<div style=\"margin-top:40px;margin-bottom:30px;\" class=\"separator transparent\"><\/div>\n<h2>Notre point fort<\/h2>\n<div style=\"margin-top:5px;margin-bottom:5px;\" class=\"separator transparent\"><\/div>\n<h3>L&rsquo; esprit d&rsquo;\u00e9quipe !<\/h3>\n<div class=\"two_columns_50_50 clearfix\"><div class=\"column1\"><div class=\"column_inner\">\n<div class='element_from_left'><div>\n<p><img decoding=\"async\" class=\"alignnone wp-image-6650 size-large\" src=\"https:\/\/www.infanterix.de\/wp-content\/uploads\/2017\/10\/Stellenangebote-1000x398.png\" alt=\"\" width=\"940\" height=\"374\" srcset=\"https:\/\/www.infanterix.de\/wp-content\/uploads\/2017\/10\/Stellenangebote-1000x398.png 1000w, https:\/\/www.infanterix.de\/wp-content\/uploads\/2017\/10\/Stellenangebote-400x159.png 400w, https:\/\/www.infanterix.de\/wp-content\/uploads\/2017\/10\/Stellenangebote-768x306.png 768w, https:\/\/www.infanterix.de\/wp-content\/uploads\/2017\/10\/Stellenangebote.png 1097w\" sizes=\"(max-width: 940px) 100vw, 940px\" \/><\/p>\n<\/div><\/div>\n<\/div><\/div>\n<div class=\"column2\"><div class=\"column_inner\">\n<div style=\"margin-top:15px;margin-bottom:15px;\" class=\"separator transparent\"><\/div>\n<p>Depuis maintenant plus de 10 ans, Infanterix g\u00e8re des cr\u00e8ches et jardins d\u2019enfants multilingues \u00e0 Munich. Notre entreprise est en constante croissance\u00a0 et \u00a0nous sommes r\u00e9guli\u00e8rement \u00e0 la recherche de personnel qualifi\u00e9 pour renforcer notre \u00e9quipe.<\/p>\n<div style=\"margin-top:10px;margin-bottom:15px;\" class=\"separator transparent\"><\/div>\n<a href=\"https:\/\/www.infanterix.de\/fr\/karriere\/der-teamgedanke-von-infanterix\/\" target=\"_self\" class=\"button small  with_shadow\" style=\"\">Lire la suite<\/a>\n<\/div><\/div><\/div>\n<div style=\"margin-top:0px;margin-bottom:15px;\" class=\"separator transparent\"><\/div>\n<\/div><\/section>\n<div style=\"margin-top:0px;margin-bottom:70px;\" class=\"separator full_width\"><\/div>\n<div style=\"margin-top:5px;margin-bottom:10px;\" class=\"separator transparent\"><\/div>\n<\/section>\n","protected":false},"excerpt":{"rendered":"","protected":false},"author":3,"featured_media":4956,"parent":0,"menu_order":9,"comment_status":"closed","ping_status":"closed","template":"full_width.php","meta":{"footnotes":""},"class_list":["post-69","page","type-page","status-publish","has-post-thumbnail","hentry"],"translation":{"provider":"WPGlobus","version":"2.12.0","language":"fr","enabled_languages":["de","en","fr"],"languages":{"de":{"title":true,"content":true,"excerpt":false},"en":{"title":true,"content":true,"excerpt":false},"fr":{"title":true,"content":true,"excerpt":false}}},"_links":{"self":[{"href":"https:\/\/www.infanterix.de\/fr\/wp-json\/wp\/v2\/pages\/69","targetHints":{"allow":["GET"]}}],"collection":[{"href":"https:\/\/www.infanterix.de\/fr\/wp-json\/wp\/v2\/pages"}],"about":[{"href":"https:\/\/www.infanterix.de\/fr\/wp-json\/wp\/v2\/types\/page"}],"author":[{"embeddable":true,"href":"https:\/\/www.infanterix.de\/fr\/wp-json\/wp\/v2\/users\/3"}],"replies":[{"embeddable":true,"href":"https:\/\/www.infanterix.de\/fr\/wp-json\/wp\/v2\/comments?post=69"}],"version-history":[{"count":17,"href":"https:\/\/www.infanterix.de\/fr\/wp-json\/wp\/v2\/pages\/69\/revisions"}],"predecessor-version":[{"id":36441,"href":"https:\/\/www.infanterix.de\/fr\/wp-json\/wp\/v2\/pages\/69\/revisions\/36441"}],"wp:featuredmedia":[{"embeddable":true,"href":"https:\/\/www.infanterix.de\/fr\/wp-json\/wp\/v2\/media\/4956"}],"wp:attachment":[{"href":"https:\/\/www.infanterix.de\/fr\/wp-json\/wp\/v2\/media?parent=69"}],"curies":[{"name":"wp","href":"https:\/\/api.w.org\/{rel}","templated":true}]}}