{"id":65,"date":"2013-03-01T09:36:55","date_gmt":"2013-03-01T08:36:55","guid":{"rendered":"https:\/\/www.infanterix.de\/?page_id=65"},"modified":"2025-12-05T10:39:39","modified_gmt":"2025-12-05T09:39:39","slug":"unser-profil","status":"publish","type":"page","link":"https:\/\/www.infanterix.de\/fr\/ueber-uns\/unser-profil\/","title":{"rendered":"Portrait d&rsquo;entreprise"},"content":{"rendered":"<h1 style=\"text-align: center;\">Portrait d&rsquo;entreprise<\/h1>\n<p>Infanterix, solidement implant\u00e9e \u00e0 Munich, s&rsquo;est d\u00e9velopp\u00e9e au fil des ann\u00e9es pour devenir aujourd&rsquo;hui un expert reconnu de l&rsquo;\u00e9veil et de l&rsquo;\u00e9ducation des jeunes enfants.<br \/>\nInfanterix regroupe l\u2019organisation \u00e0 but non lucratif Tajedini gGmbH ainsi que les entreprises Infanterix Bayern GmbH, Infanterix GmbH et Infanterix M\u00fcnchen GmbH.<\/p>\n<p>Gr\u00e2ce \u00e0 ses structures, Infanterix enrichit l\u2019offre d&rsquo;accueil en cr\u00e8ches et jardins d\u2019enfants multilingues depuis maintenant plus de 10 ans. L&rsquo;entreprise propose ainsi aujourd&rsquo;hui plus de 1.200 places de garde et emploie environ 350 personnes. Elle travaille en \u00e9troite collaboration avec la ville de Munich et autres communes pour adapter au mieux son offre au besoin de garde des enfants de l&rsquo;\u00e2ge de six mois \u00e0 l\u2019\u00e2ge d\u2019entr\u00e9e \u00e0 l\u2019\u00e9cole.<\/p>\n<p>Le point fort d&rsquo;Infanterix se situe dans l\u2019accompagnement et l\u2019encouragement des jeunes enfants \u00e0 l\u2019apprentissage pr\u00e9coce du fran\u00e7ais, de l\u2019anglais et de l\u2019allemand. Le concept multiculturel et multilingue s\u00e9duit particuli\u00e8rement les parents qui, pour des raisons personnelles ou professionnelles, souhaitent offrir tr\u00e8s t\u00f4t \u00e0 leur enfant la possibilit\u00e9 d\u2019apprendre une langue \u00e9trang\u00e8re.<\/p>\n<p>L&rsquo;entreprise fait partie du groupe Grandir depuis 2016. Le groupe Grandir g\u00e8re plus de 400 structures de garde en Europe, principalement en France sous sa marque historique Les Petits Chaperons Rouges.<\/p>\n<div style=\"margin-top:25px;margin-bottom:25px;\" class=\"separator transparent\"><\/div>\n","protected":false},"excerpt":{"rendered":"<p>Portrait d&rsquo;entreprise Infanterix, solidement implant\u00e9e \u00e0 Munich, s&rsquo;est d\u00e9velopp\u00e9e au fil des ann\u00e9es pour devenir aujourd&rsquo;hui un expert reconnu de l&rsquo;\u00e9veil et de l&rsquo;\u00e9ducation des jeunes enfants. Infanterix regroupe l\u2019organisation \u00e0 but non lucratif Tajedini gGmbH ainsi que les entreprises Infanterix Bayern GmbH, Infanterix GmbH&#8230;<\/p>\n","protected":false},"author":3,"featured_media":2232,"parent":10070,"menu_order":4,"comment_status":"closed","ping_status":"closed","template":"","meta":{"footnotes":""},"class_list":["post-65","page","type-page","status-publish","has-post-thumbnail","hentry"],"translation":{"provider":"WPGlobus","version":"2.12.0","language":"fr","enabled_languages":["de","en","fr"],"languages":{"de":{"title":true,"content":true,"excerpt":false},"en":{"title":true,"content":true,"excerpt":false},"fr":{"title":true,"content":true,"excerpt":false}}},"_links":{"self":[{"href":"https:\/\/www.infanterix.de\/fr\/wp-json\/wp\/v2\/pages\/65","targetHints":{"allow":["GET"]}}],"collection":[{"href":"https:\/\/www.infanterix.de\/fr\/wp-json\/wp\/v2\/pages"}],"about":[{"href":"https:\/\/www.infanterix.de\/fr\/wp-json\/wp\/v2\/types\/page"}],"author":[{"embeddable":true,"href":"https:\/\/www.infanterix.de\/fr\/wp-json\/wp\/v2\/users\/3"}],"replies":[{"embeddable":true,"href":"https:\/\/www.infanterix.de\/fr\/wp-json\/wp\/v2\/comments?post=65"}],"version-history":[{"count":10,"href":"https:\/\/www.infanterix.de\/fr\/wp-json\/wp\/v2\/pages\/65\/revisions"}],"predecessor-version":[{"id":36724,"href":"https:\/\/www.infanterix.de\/fr\/wp-json\/wp\/v2\/pages\/65\/revisions\/36724"}],"up":[{"embeddable":true,"href":"https:\/\/www.infanterix.de\/fr\/wp-json\/wp\/v2\/pages\/10070"}],"wp:featuredmedia":[{"embeddable":true,"href":"https:\/\/www.infanterix.de\/fr\/wp-json\/wp\/v2\/media\/2232"}],"wp:attachment":[{"href":"https:\/\/www.infanterix.de\/fr\/wp-json\/wp\/v2\/media?parent=65"}],"curies":[{"name":"wp","href":"https:\/\/api.w.org\/{rel}","templated":true}]}}