{"id":64,"date":"2013-03-01T09:36:19","date_gmt":"2013-03-01T08:36:19","guid":{"rendered":"https:\/\/www.infanterix.de\/?page_id=64"},"modified":"2023-01-19T08:07:11","modified_gmt":"2023-01-19T07:07:11","slug":"unsere-philosophie","status":"publish","type":"page","link":"https:\/\/www.infanterix.de\/fr\/ueber-uns\/unsere-philosophie\/","title":{"rendered":"Notre philosophie"},"content":{"rendered":"<h1 style=\"text-align: center;\">Notre philosophie<\/h1>\n<p>Tous les jours, nous accueillons dans nos structures des enfants qui, de par leur jeune \u00e2ge, sont avides de saisir toutes les opportunit\u00e9s d\u2019apprendre. Tous leurs sens sont ainsi mis \u00e0 contribution pour d\u00e9couvrir l\u2019environnement qui les entoure.<\/p>\n<p>Nous nous r\u00e9jouissons d&rsquo;accompagner les enfants dans leur construction personnelle. Gr\u00e2ce \u00e0 une observation attentive, nous pouvons \u00e9valuer \u00e0 quel stade se trouve l\u2019enfant dans l\u2019appr\u00e9hension de son environnement et quels sont ses int\u00e9r\u00eats du moment. Cette attention journali\u00e8re permet de proposer aux enfants des activit\u00e9s ludiques r\u00e9pondant \u00e0 leurs envies et \u00e0 des processus d\u2019apprentissage et d\u2019\u00e9ducation sur mesure.<\/p>\n<p>Les enfants de nos structures sont plac\u00e9s au c\u0153ur de notre travail ; empreints de leur propre personnalit\u00e9, ils sont accept\u00e9s sans conditions, respect\u00e9s et estim\u00e9s.<\/p>\n<div style=\"margin-top:25px;margin-bottom:25px;\" class=\"separator transparent\"><\/div>\n","protected":false},"excerpt":{"rendered":"<p>Notre philosophie Tous les jours, nous accueillons dans nos structures des enfants qui, de par leur jeune \u00e2ge, sont avides de saisir toutes les opportunit\u00e9s d\u2019apprendre. Tous leurs sens sont ainsi mis \u00e0 contribution pour d\u00e9couvrir l\u2019environnement qui les entoure. Nous nous r\u00e9jouissons d&rsquo;accompagner les&#8230;<\/p>\n","protected":false},"author":3,"featured_media":4963,"parent":10070,"menu_order":3,"comment_status":"closed","ping_status":"closed","template":"","meta":{"footnotes":""},"class_list":["post-64","page","type-page","status-publish","has-post-thumbnail","hentry"],"translation":{"provider":"WPGlobus","version":"2.12.0","language":"fr","enabled_languages":["de","en","fr"],"languages":{"de":{"title":true,"content":true,"excerpt":false},"en":{"title":true,"content":true,"excerpt":false},"fr":{"title":true,"content":true,"excerpt":false}}},"_links":{"self":[{"href":"https:\/\/www.infanterix.de\/fr\/wp-json\/wp\/v2\/pages\/64","targetHints":{"allow":["GET"]}}],"collection":[{"href":"https:\/\/www.infanterix.de\/fr\/wp-json\/wp\/v2\/pages"}],"about":[{"href":"https:\/\/www.infanterix.de\/fr\/wp-json\/wp\/v2\/types\/page"}],"author":[{"embeddable":true,"href":"https:\/\/www.infanterix.de\/fr\/wp-json\/wp\/v2\/users\/3"}],"replies":[{"embeddable":true,"href":"https:\/\/www.infanterix.de\/fr\/wp-json\/wp\/v2\/comments?post=64"}],"version-history":[{"count":10,"href":"https:\/\/www.infanterix.de\/fr\/wp-json\/wp\/v2\/pages\/64\/revisions"}],"predecessor-version":[{"id":29230,"href":"https:\/\/www.infanterix.de\/fr\/wp-json\/wp\/v2\/pages\/64\/revisions\/29230"}],"up":[{"embeddable":true,"href":"https:\/\/www.infanterix.de\/fr\/wp-json\/wp\/v2\/pages\/10070"}],"wp:featuredmedia":[{"embeddable":true,"href":"https:\/\/www.infanterix.de\/fr\/wp-json\/wp\/v2\/media\/4963"}],"wp:attachment":[{"href":"https:\/\/www.infanterix.de\/fr\/wp-json\/wp\/v2\/media?parent=64"}],"curies":[{"name":"wp","href":"https:\/\/api.w.org\/{rel}","templated":true}]}}