{"id":60,"date":"2013-03-01T09:34:56","date_gmt":"2013-03-01T08:34:56","guid":{"rendered":"https:\/\/www.infanterix.de\/?page_id=60"},"modified":"2025-12-12T12:33:18","modified_gmt":"2025-12-12T11:33:18","slug":"ansprechpartner","status":"publish","type":"page","link":"https:\/\/www.infanterix.de\/fr\/ueber-uns\/ansprechpartner\/","title":{"rendered":"Contact"},"content":{"rendered":"<h1>Contact<\/h1>\n<p><strong>Infanterix Bureau administratif<\/strong><br \/>\nHeiterwanger Stra\u00dfe 36<br \/>\n81373 Munich<br \/>\nNotre administration se tient \u00e0 votre disposition avec plaisir !<\/p>\n<p>T\u00e9l. +49 89 97394699<br \/>\nFax +49 89 97394698<\/p>\n<p>e-mail : <a href=\"mailto:info@infanterix.de\">info@infanterix.de<\/a><\/p>\n<p><strong>Horaires de bureau :<br \/>\n<\/strong>Accueil :<br \/>\nDu lundi au jeudi 09h30\u201312h00 et 14h00\u201316h00<\/p>\n<p>\u00c9quipes de parents :<br \/>\nLundi et mercredi 10h00\u201312h00<br \/>\nMardi et jeudi 14h00\u201316h00<\/p>\n<p>Questions concernant les contributions parentales :<br \/>\nLundi 10h00\u201312h00<br \/>\nJeudi 14h00\u201316h00<\/p>\n","protected":false},"excerpt":{"rendered":"<p>Contact Infanterix Bureau administratif Heiterwanger Stra\u00dfe 36 81373 Munich Notre administration se tient \u00e0 votre disposition avec plaisir ! T\u00e9l. +49 89 97394699 Fax +49 89 97394698 e-mail : info@infanterix.de Horaires de bureau : Accueil : Du lundi au jeudi 09h30\u201312h00 et 14h00\u201316h00 \u00c9quipes de&#8230;<\/p>\n","protected":false},"author":3,"featured_media":0,"parent":10070,"menu_order":0,"comment_status":"closed","ping_status":"closed","template":"","meta":{"footnotes":""},"class_list":["post-60","page","type-page","status-publish","hentry"],"translation":{"provider":"WPGlobus","version":"2.12.0","language":"fr","enabled_languages":["de","en","fr"],"languages":{"de":{"title":true,"content":true,"excerpt":false},"en":{"title":true,"content":true,"excerpt":false},"fr":{"title":true,"content":true,"excerpt":false}}},"_links":{"self":[{"href":"https:\/\/www.infanterix.de\/fr\/wp-json\/wp\/v2\/pages\/60","targetHints":{"allow":["GET"]}}],"collection":[{"href":"https:\/\/www.infanterix.de\/fr\/wp-json\/wp\/v2\/pages"}],"about":[{"href":"https:\/\/www.infanterix.de\/fr\/wp-json\/wp\/v2\/types\/page"}],"author":[{"embeddable":true,"href":"https:\/\/www.infanterix.de\/fr\/wp-json\/wp\/v2\/users\/3"}],"replies":[{"embeddable":true,"href":"https:\/\/www.infanterix.de\/fr\/wp-json\/wp\/v2\/comments?post=60"}],"version-history":[{"count":17,"href":"https:\/\/www.infanterix.de\/fr\/wp-json\/wp\/v2\/pages\/60\/revisions"}],"predecessor-version":[{"id":36736,"href":"https:\/\/www.infanterix.de\/fr\/wp-json\/wp\/v2\/pages\/60\/revisions\/36736"}],"up":[{"embeddable":true,"href":"https:\/\/www.infanterix.de\/fr\/wp-json\/wp\/v2\/pages\/10070"}],"wp:attachment":[{"href":"https:\/\/www.infanterix.de\/fr\/wp-json\/wp\/v2\/media?parent=60"}],"curies":[{"name":"wp","href":"https:\/\/api.w.org\/{rel}","templated":true}]}}