{"id":5615,"date":"2017-05-29T11:51:24","date_gmt":"2017-05-29T09:51:24","guid":{"rendered":"https:\/\/www.infanterix.de\/?page_id=5615"},"modified":"2025-04-30T17:34:33","modified_gmt":"2025-04-30T15:34:33","slug":"kitas","status":"publish","type":"page","link":"https:\/\/www.infanterix.de\/fr\/kitas\/","title":{"rendered":"Les structures de garde de la petite enfance"},"content":{"rendered":"<h1 style=\"text-align: center;\">Les structures de garde de la petite enfance<\/h1>\n<p>Vous connaissez mieux que quiconque les d\u00e9fis fluctuants auxquels doivent faire face les structures de garde pour diriger de mani\u00e8re responsable, et ce, tout en r\u00e9ussissant \u00e0 maintenir un niveau de service de qualit\u00e9, aussi bien en mati\u00e8re de p\u00e9dagogie que d&rsquo;organisation et d&rsquo;administration.<\/p>\n<p>Vous r\u00e9fl\u00e9chissez \u00e0 l&rsquo;id\u00e9e de laisser un autre g\u00e9rant reprendre la direction et la gestion de votre structure ? Infanterix est le partenaire id\u00e9al pour vous ! Nous veillons \u00e0 ce que le transfert de soci\u00e9t\u00e9 se fasse le mieux possible et \u00e0 l&rsquo;amiable. Il est d&rsquo;ailleurs indispensable d&rsquo;impliquer toutes les parties concern\u00e9es d\u00e8s le d\u00e9but du processus ; \u00e9ducateurs, employ\u00e9s administratifs et de service ainsi que parents. Il s&rsquo;agit d&rsquo;une condition incontournable pour instaurer un climat de confiance et continuer \u00e0 fonctionner de mani\u00e8re optimale.<\/p>\n<p>Si vous souhaitez donner une seconde vie \u00e0 votre structure tout en restant dans la continuit\u00e9 de votre ligne directrice, nous nous tenons \u00e0 votre disposition.<br \/>\nMerci de contacter notre service administratif \u00e0 l\u2019adresse\u00a0<a class=\"cursor-pointer\" rel=\"noopener\" data-start=\"117\" data-end=\"135\">info@infanterix.de<\/a>.<\/p>\n<div style=\"margin-top:25px;margin-bottom:25px;\" class=\"separator transparent\"><\/div>\n","protected":false},"excerpt":{"rendered":"<p>Les structures de garde de la petite enfance Vous connaissez mieux que quiconque les d\u00e9fis fluctuants auxquels doivent faire face les structures de garde pour diriger de mani\u00e8re responsable, et ce, tout en r\u00e9ussissant \u00e0 maintenir un niveau de service de qualit\u00e9, aussi bien en&#8230;<\/p>\n","protected":false},"author":23,"featured_media":0,"parent":0,"menu_order":0,"comment_status":"closed","ping_status":"closed","template":"","meta":{"footnotes":""},"class_list":["post-5615","page","type-page","status-publish","hentry"],"translation":{"provider":"WPGlobus","version":"2.12.0","language":"fr","enabled_languages":["de","en","fr"],"languages":{"de":{"title":true,"content":true,"excerpt":false},"en":{"title":true,"content":true,"excerpt":false},"fr":{"title":true,"content":true,"excerpt":false}}},"_links":{"self":[{"href":"https:\/\/www.infanterix.de\/fr\/wp-json\/wp\/v2\/pages\/5615","targetHints":{"allow":["GET"]}}],"collection":[{"href":"https:\/\/www.infanterix.de\/fr\/wp-json\/wp\/v2\/pages"}],"about":[{"href":"https:\/\/www.infanterix.de\/fr\/wp-json\/wp\/v2\/types\/page"}],"author":[{"embeddable":true,"href":"https:\/\/www.infanterix.de\/fr\/wp-json\/wp\/v2\/users\/23"}],"replies":[{"embeddable":true,"href":"https:\/\/www.infanterix.de\/fr\/wp-json\/wp\/v2\/comments?post=5615"}],"version-history":[{"count":13,"href":"https:\/\/www.infanterix.de\/fr\/wp-json\/wp\/v2\/pages\/5615\/revisions"}],"predecessor-version":[{"id":36419,"href":"https:\/\/www.infanterix.de\/fr\/wp-json\/wp\/v2\/pages\/5615\/revisions\/36419"}],"wp:attachment":[{"href":"https:\/\/www.infanterix.de\/fr\/wp-json\/wp\/v2\/media?parent=5615"}],"curies":[{"name":"wp","href":"https:\/\/api.w.org\/{rel}","templated":true}]}}