{"id":5611,"date":"2017-05-29T11:50:34","date_gmt":"2017-05-29T09:50:34","guid":{"rendered":"https:\/\/www.infanterix.de\/?page_id=5611"},"modified":"2025-04-30T17:23:29","modified_gmt":"2025-04-30T15:23:29","slug":"staedte-und-kommunen","status":"publish","type":"page","link":"https:\/\/www.infanterix.de\/fr\/staedte-und-kommunen\/","title":{"rendered":"Collectivit\u00e9s locales"},"content":{"rendered":"<h1 style=\"text-align: center;\">Collectivit\u00e9s locales<\/h1>\n<p>La demande de places en cr\u00e8che et jardin d&rsquo;enfant est de plus en plus forte en Allemagne et devient un th\u00e8me central critique de la politique sociale. Les collectivit\u00e9s locales doivent relever le d\u00e9fi et r\u00e9pondre aux besoins des familles \u00e0 ce sujet et se faire accompagner d&rsquo;acteurs exp\u00e9riment\u00e9s.<\/p>\n<p>Fort de ses 10 ann\u00e9es d&rsquo;exp\u00e9rience, Infanterix est aujourd&rsquo;hui un partenaire comp\u00e9tent et fiable pour les collectivit\u00e9s locales. Nous proposons un accompagnement professionnel dans l&rsquo;acquisition de structures comme dans la construction de nouvelles installations. Les projets se basent sur les besoins et les caract\u00e9ristiques sp\u00e9cifiques de la ville ou de la commune. En plus d&rsquo;une expertise p\u00e9dagogique, nous apportons notre savoir-faire en mati\u00e8re de gestion. Nous sommes pr\u00e9sents \u00e0 vos c\u00f4t\u00e9s de la phase d&rsquo;\u00e9tude \u00e0 l&rsquo;ouverture de la structure, en passant par la phase de construction.<\/p>\n<p>Si vous \u00eates int\u00e9ress\u00e9(e)s par la mise en place d&rsquo;un concept bilingue comme celui d&rsquo;Infanterix dans votre ville, nous serons ravis de nous rendre disponible pour une premi\u00e8re rencontre. Merci de contacter notre service administratif \u00e0 l&rsquo;adresse <a class=\"cursor-pointer\" rel=\"noopener\" data-start=\"117\" data-end=\"135\">info@infanterix.de<\/a>.<\/p>\n<div style=\"margin-top:25px;margin-bottom:25px;\" class=\"separator transparent\"><\/div>\n","protected":false},"excerpt":{"rendered":"<p>Collectivit\u00e9s locales La demande de places en cr\u00e8che et jardin d&rsquo;enfant est de plus en plus forte en Allemagne et devient un th\u00e8me central critique de la politique sociale. Les collectivit\u00e9s locales doivent relever le d\u00e9fi et r\u00e9pondre aux besoins des familles \u00e0 ce sujet&#8230;<\/p>\n","protected":false},"author":23,"featured_media":0,"parent":0,"menu_order":0,"comment_status":"closed","ping_status":"closed","template":"","meta":{"footnotes":""},"class_list":["post-5611","page","type-page","status-publish","hentry"],"translation":{"provider":"WPGlobus","version":"2.12.0","language":"fr","enabled_languages":["de","en","fr"],"languages":{"de":{"title":true,"content":true,"excerpt":false},"en":{"title":true,"content":true,"excerpt":false},"fr":{"title":true,"content":true,"excerpt":false}}},"_links":{"self":[{"href":"https:\/\/www.infanterix.de\/fr\/wp-json\/wp\/v2\/pages\/5611","targetHints":{"allow":["GET"]}}],"collection":[{"href":"https:\/\/www.infanterix.de\/fr\/wp-json\/wp\/v2\/pages"}],"about":[{"href":"https:\/\/www.infanterix.de\/fr\/wp-json\/wp\/v2\/types\/page"}],"author":[{"embeddable":true,"href":"https:\/\/www.infanterix.de\/fr\/wp-json\/wp\/v2\/users\/23"}],"replies":[{"embeddable":true,"href":"https:\/\/www.infanterix.de\/fr\/wp-json\/wp\/v2\/comments?post=5611"}],"version-history":[{"count":13,"href":"https:\/\/www.infanterix.de\/fr\/wp-json\/wp\/v2\/pages\/5611\/revisions"}],"predecessor-version":[{"id":36415,"href":"https:\/\/www.infanterix.de\/fr\/wp-json\/wp\/v2\/pages\/5611\/revisions\/36415"}],"wp:attachment":[{"href":"https:\/\/www.infanterix.de\/fr\/wp-json\/wp\/v2\/media?parent=5611"}],"curies":[{"name":"wp","href":"https:\/\/api.w.org\/{rel}","templated":true}]}}