{"id":5604,"date":"2017-05-29T11:44:10","date_gmt":"2017-05-29T09:44:10","guid":{"rendered":"https:\/\/www.infanterix.de\/?page_id=5604"},"modified":"2023-01-19T08:11:36","modified_gmt":"2023-01-19T07:11:36","slug":"der-teamgedanke-von-infanterix","status":"publish","type":"page","link":"https:\/\/www.infanterix.de\/fr\/karriere\/der-teamgedanke-von-infanterix\/","title":{"rendered":"Notre esprit d&rsquo;\u00e9quipe"},"content":{"rendered":"<h1 style=\"text-align: center;\">Notre esprit d&rsquo;\u00e9quipe<\/h1>\n<p>La notion de travail d&rsquo;\u00e9quipe signifie que chacun est encourag\u00e9 \u00e0 exprimer son opinion, mettre en avant ses comp\u00e9tences et son approche culturelle. Lors des r\u00e9unions d\u2019\u00e9quipe, petites ou plus importantes, les d\u00e9cisions d\u2019ordre \u00e9ducatif donnent lieu \u00e0 une consultation voire \u00e0 une concertation avant d\u2019\u00eatre mises en place. En cas de d\u00e9saccord, une discussion est men\u00e9e et des solutions sont apport\u00e9es.<\/p>\n<p>Ouverture d\u2019esprit, honn\u00eatet\u00e9 et acceptation de l&rsquo;autre fa\u00e7onnent ainsi un climat d\u2019entreprise sain, rendant le travail p\u00e9dagogique optimal. L\u2019apport de chacun est reconnu et appr\u00e9ci\u00e9. C\u2019est la valeur participative de chacun des membres de l\u2019\u00e9quipe qui est fondamentalement per\u00e7ue comme notre point fort.<\/p>\n<p>Nous planifions quatre fois par an, des \u00absessions\/journ\u00e9es conceptuelles\u00bb d\u2019une dur\u00e9e de deux jours, au cours desquelles sont organis\u00e9es brainstorming, supervisions et formations compl\u00e9mentaires pour les employ\u00e9(e)s.<\/p>\n<p>Nos cr\u00e8ches et jardins d\u2019enfants internationaux sont des lieux vou\u00e9s \u00e0 l\u2019\u00e9ducation des petits avec pour objectif premier de les accompagner dans leur apprentissage de la vie en soci\u00e9t\u00e9 pour qu\u2019ils deviennent des adultes responsables, confiants, tol\u00e9rants et aptes \u00e0 g\u00e9rer des situations conflictuelles au sein d\u2019une soci\u00e9t\u00e9 multiculturelle.<\/p>\n<p>Si vous \u00eates pr\u00eat(e) \u00e0 relever ce d\u00e9fi exigeant, n\u2019h\u00e9sitez pas \u00e0 nous faire parvenir votre candidature par courriel \u00e0 hr@infanterix.de. Les candidatures spontan\u00e9es sont aussi les bienvenues.<\/p>\n<p>Nous avons h\u00e2te de faire votre connaissance !<\/p>\n<div style=\"margin-top:25px;margin-bottom:25px;\" class=\"separator transparent\"><\/div>\n","protected":false},"excerpt":{"rendered":"<p>Notre esprit d&rsquo;\u00e9quipe La notion de travail d&rsquo;\u00e9quipe signifie que chacun est encourag\u00e9 \u00e0 exprimer son opinion, mettre en avant ses comp\u00e9tences et son approche culturelle. Lors des r\u00e9unions d\u2019\u00e9quipe, petites ou plus importantes, les d\u00e9cisions d\u2019ordre \u00e9ducatif donnent lieu \u00e0 une consultation voire \u00e0&#8230;<\/p>\n","protected":false},"author":23,"featured_media":0,"parent":69,"menu_order":0,"comment_status":"closed","ping_status":"closed","template":"","meta":{"footnotes":""},"class_list":["post-5604","page","type-page","status-publish","hentry"],"translation":{"provider":"WPGlobus","version":"2.12.0","language":"fr","enabled_languages":["de","en","fr"],"languages":{"de":{"title":true,"content":true,"excerpt":false},"en":{"title":true,"content":true,"excerpt":false},"fr":{"title":true,"content":true,"excerpt":false}}},"_links":{"self":[{"href":"https:\/\/www.infanterix.de\/fr\/wp-json\/wp\/v2\/pages\/5604","targetHints":{"allow":["GET"]}}],"collection":[{"href":"https:\/\/www.infanterix.de\/fr\/wp-json\/wp\/v2\/pages"}],"about":[{"href":"https:\/\/www.infanterix.de\/fr\/wp-json\/wp\/v2\/types\/page"}],"author":[{"embeddable":true,"href":"https:\/\/www.infanterix.de\/fr\/wp-json\/wp\/v2\/users\/23"}],"replies":[{"embeddable":true,"href":"https:\/\/www.infanterix.de\/fr\/wp-json\/wp\/v2\/comments?post=5604"}],"version-history":[{"count":7,"href":"https:\/\/www.infanterix.de\/fr\/wp-json\/wp\/v2\/pages\/5604\/revisions"}],"predecessor-version":[{"id":29241,"href":"https:\/\/www.infanterix.de\/fr\/wp-json\/wp\/v2\/pages\/5604\/revisions\/29241"}],"up":[{"embeddable":true,"href":"https:\/\/www.infanterix.de\/fr\/wp-json\/wp\/v2\/pages\/69"}],"wp:attachment":[{"href":"https:\/\/www.infanterix.de\/fr\/wp-json\/wp\/v2\/media?parent=5604"}],"curies":[{"name":"wp","href":"https:\/\/api.w.org\/{rel}","templated":true}]}}