{"id":54,"date":"2013-03-01T09:32:20","date_gmt":"2013-03-01T08:32:20","guid":{"rendered":"https:\/\/www.infanterix.de\/?page_id=54"},"modified":"2026-03-06T10:26:14","modified_gmt":"2026-03-06T09:26:14","slug":"termine","status":"publish","type":"page","link":"https:\/\/www.infanterix.de\/fr\/anmeldung\/termine\/","title":{"rendered":"Journ\u00e9es Portes Ouvertes"},"content":{"rendered":"<h1 style=\"text-align: center;\">Journ\u00e9es Portes Ouvertes<\/h1>\n<p>Venez-nous rendre visite et vous informez au cours de nos Journ\u00e9es Portes Ouvertes. Ces journ\u00e9es sont l&rsquo;occasion id\u00e9ale, pour vous parent, de rencontrer notre personnel p\u00e9dagogique et de vous faire une premi\u00e8re id\u00e9e de notre travail p\u00e9dagogique qui est propre \u00e0 nos structures de garde d&rsquo;enfants multilingues. Lors de ces journ\u00e9es, vous aurez aussi la possibilit\u00e9 de vous faire une premi\u00e8re impression de nos locaux et de l&rsquo;agencement de nos espaces.<\/p>\n<p>L&rsquo;\u00e9quipe Infanterix vous attendra avec des informations compl\u00e8tes, pr\u00eate \u00e0 r\u00e9pondre \u00e0 toutes vos questions !<\/p>\n<h3><\/h3>\n<h2>Dates actuelles:<\/h2>\n<h2><div style=\"\" class=\"separator normal\"><\/div><\/h2>\n<h5>Journ\u00e9e portes ouvertes Infanterix Garching:<br \/>\n<strong>Samedi 14 mars 2026, de 10 h \u00e0 13 h <\/strong><\/h5>\n<p>Veuillez cliquer ici pour acc\u00e9der au formulaire d&rsquo;inscription pour Garching.<\/p>\n<div data-tf-live=\"01JA7SS4731P3CVK9W1BGTZA32\"><\/div>\n<p><script src=\"\/\/embed.typeform.com\/next\/embed.js\"><\/script><\/p>\n<div style=\"margin-top:25px;margin-bottom:25px;\" class=\"separator normal\"><\/div>\n<h5><span style=\"color: #000000;\">Cependant, afin que vous puissiez avoir un aper\u00e7u visuel, voici des vid\u00e9os vous permettant une visite virtuelle : <\/span><\/h5>\n<div class=\"two_columns_50_50 clearfix\"><div class=\"column1\"><div class=\"column_inner\">\n<div class='accordion_holder accordion clearfix'>\n<h3 style='color: ;'><span><span class='control-pm'><\/span><\/span>Infanterix Aubing 1<\/h3><div class='accordion_content'><div class='accordion_content_inner'>\n<h5><video controls=\"controls\" width=\"368\" height=\"368\"><source src=\"\/video\/Aubing-1.MP4\" type=\"video\/mp4\" \/><\/video><\/h5>\n<\/div><\/div>\n<h3 style='color: ;'><span><span class='control-pm'><\/span><\/span>Infanterix Aubing 2<\/h3><div class='accordion_content'><div class='accordion_content_inner'>\n<h5><video controls=\"controls\" width=\"848\" height=\"480\"><source src=\"\/video\/Aubing 2.MP4\" type=\"video\/mp4\" \/><\/video><\/h5>\n<\/div><\/div>\n<h3 style='color: ;'><span><span class='control-pm'><\/span><\/span>Infanterix Berg am Laim<\/h3><div class='accordion_content'><div class='accordion_content_inner'>\n<h5><video controls=\"controls\" width=\"854\" height=\"480\"><source src=\"\/video\/Berg-am-Laim.mp4\" type=\"video\/mp4\" \/><\/video><\/h5>\n<\/div><\/div>\n<h3 style='color: ;'><span><span class='control-pm'><\/span><\/span>Infanterix Blumenau<\/h3><div class='accordion_content'><div class='accordion_content_inner'>\n<h5>\u00c0 venir&#8230;<\/h5>\n<\/div><\/div>\n<h3 style='color: ;'><span><span class='control-pm'><\/span><\/span>Infanterix Dornach<\/h3><div class='accordion_content'><div class='accordion_content_inner'>\n<h5><video controls=\"controls\" width=\"480\" height=\"480\"><source src=\"\/video\/Dornach.MP4\" type=\"video\/mp4\" \/><\/video><\/h5>\n<\/div><\/div>\n<h3 style='color: ;'><span><span class='control-pm'><\/span><\/span>Infanterix Freiham<\/h3><div class='accordion_content'><div class='accordion_content_inner'>\n<h5><video controls=\"controls\" width=\"854\" height=\"480\"><source src=\"\/video\/Freiham.mp4\" type=\"video\/mp4\" \/><\/video><\/h5>\n<\/div><\/div>\n<h3 style='color: ;'><span><span class='control-pm'><\/span><\/span>Infanterix Garching<\/h3><div class='accordion_content'><div class='accordion_content_inner'>\n<h5><video controls=\"controls\" width=\"848\" height=\"480\"><source src=\"\/video\/Garching.MP4\" type=\"video\/mp4\" \/><\/video><\/h5>\n<\/div><\/div>\n<h3 style='color: ;'><span><span class='control-pm'><\/span><\/span>Infanterix Germering<\/h3><div class='accordion_content'><div class='accordion_content_inner'>\n<h5><video controls=\"controls\" width=\"848\" height=\"480\"><source src=\"\/video\/Germering.MP4\" type=\"video\/mp4\" \/><\/video><\/h5>\n<\/div><\/div>\n<h3 style='color: ;'><span><span class='control-pm'><\/span><\/span>Infanterix Haidhausen 1<\/h3><div class='accordion_content'><div class='accordion_content_inner'>\n<h5><video controls=\"controls\" width=\"720\" height=\"624\"><source src=\"\/video\/Haidhausen-1.mp4\" type=\"video\/MP4\" \/><\/video><\/h5>\n<\/div><\/div>\n<\/div>\n<\/div><\/div>\n<div class=\"column2\"><div class=\"column_inner\">\n<div class='accordion_holder accordion clearfix'>\n<h3 style='color: ;'><span><span class='control-pm'><\/span><\/span>Infanterix Haidhausen 2<\/h3><div class='accordion_content'><div class='accordion_content_inner'>\n<h5><video controls=\"controls\" width=\"848\" height=\"480\"><source src=\"\/video\/Haidhausen 2.MP4\" type=\"video\/mp4\" \/><\/video><\/h5>\n<\/div><\/div>\n<h3 style='color: ;'><span><span class='control-pm'><\/span><\/span>Infanterix Harras<\/h3><div class='accordion_content'><div class='accordion_content_inner'>\n<h5><video controls=\"controls\" width=\"480\" height=\"848\"><source src=\"\/video\/Harras.MP4\" type=\"video\/mp4\" \/><\/video><\/h5>\n<\/div><\/div>\n<h3 style='color: ;'><span><span class='control-pm'><\/span><\/span>Infanterix Moosach<\/h3><div class='accordion_content'><div class='accordion_content_inner'>\n<h5><video controls=\"controls\" width=\"1920\" height=\"1080\"><source src=\"\/video\/Moosach.mp4\" type=\"video\/mp4\" \/><\/video><\/h5>\n<\/div><\/div>\n<h3 style='color: ;'><span><span class='control-pm'><\/span><\/span>Infanterix Neuhausen<\/h3><div class='accordion_content'><div class='accordion_content_inner'>\n<h5><video controls=\"controls\" width=\"848\" height=\"480\"><source src=\"\/video\/Neuhausen 1.MP4\" type=\"video\/mp4\" \/><\/video><\/h5>\n<\/div><\/div>\n<h3 style='color: ;'><span><span class='control-pm'><\/span><\/span>Infanterix Neuhausen 2<\/h3><div class='accordion_content'><div class='accordion_content_inner'>\n<h5><video controls=\"controls\" width=\"1280\" height=\"720\"><source src=\"\/video\/Neuhausen 2.MP4\" type=\"video\/mp4\" \/><\/video><\/h5>\n<\/div><\/div>\n<h3 style='color: ;'><span><span class='control-pm'><\/span><\/span>Infanterix Neuperlach<\/h3><div class='accordion_content'><div class='accordion_content_inner'>\n<h5><video controls=\"controls\" width=\"848\" height=\"480\"><source src=\"\/video\/Neuperlach.MP4\" type=\"video\/mp4\" \/><\/video><\/h5>\n<\/div><\/div>\n<h3 style='color: ;'><span><span class='control-pm'><\/span><\/span>Infanterix Schwabing<\/h3><div class='accordion_content'><div class='accordion_content_inner'>\n<h5><video controls=\"controls\" width=\"848\" height=\"480\"><source src=\"\/video\/Schwabing.MP4\" type=\"video\/mp4\" \/><\/video><\/h5>\n<\/div><\/div>\n<h3 style='color: ;'><span><span class='control-pm'><\/span><\/span>Infanterix Sendling<\/h3><div class='accordion_content'><div class='accordion_content_inner'>\n<h5><video controls=\"controls\" width=\"848\" height=\"464\"><source src=\"\/video\/sendling.MP4\" type=\"video\/mp4\" \/><\/video><\/h5>\n<\/div><\/div>\n<h3 style='color: ;'><span><span class='control-pm'><\/span><\/span>Infanterix Westpark<\/h3><div class='accordion_content'><div class='accordion_content_inner'>\n<h5><video controls=\"controls\" width=\"1920\" height=\"1080\"><source src=\"\/video\/Westpark.mp4\" type=\"video\/mp4\" \/><\/video><\/h5>\n<\/div><\/div>\n<\/div>\n<\/div><\/div><\/div>\n<h2><div style=\"\" class=\"separator normal\"><\/div><\/h2>\n<h2><\/h2>\n<div style=\"margin-top:25px;margin-bottom:25px;\" class=\"separator transparent\"><\/div>\n","protected":false},"excerpt":{"rendered":"<p>Journ\u00e9es Portes Ouvertes Venez-nous rendre visite et vous informez au cours de nos Journ\u00e9es Portes Ouvertes. Ces journ\u00e9es sont l&rsquo;occasion id\u00e9ale, pour vous parent, de rencontrer notre personnel p\u00e9dagogique et de vous faire une premi\u00e8re id\u00e9e de notre travail p\u00e9dagogique qui est propre \u00e0 nos&#8230;<\/p>\n","protected":false},"author":3,"featured_media":4966,"parent":25891,"menu_order":2,"comment_status":"closed","ping_status":"closed","template":"","meta":{"footnotes":""},"class_list":["post-54","page","type-page","status-publish","has-post-thumbnail","hentry"],"translation":{"provider":"WPGlobus","version":"2.12.0","language":"fr","enabled_languages":["de","en","fr"],"languages":{"de":{"title":true,"content":true,"excerpt":false},"en":{"title":true,"content":true,"excerpt":false},"fr":{"title":true,"content":true,"excerpt":false}}},"_links":{"self":[{"href":"https:\/\/www.infanterix.de\/fr\/wp-json\/wp\/v2\/pages\/54","targetHints":{"allow":["GET"]}}],"collection":[{"href":"https:\/\/www.infanterix.de\/fr\/wp-json\/wp\/v2\/pages"}],"about":[{"href":"https:\/\/www.infanterix.de\/fr\/wp-json\/wp\/v2\/types\/page"}],"author":[{"embeddable":true,"href":"https:\/\/www.infanterix.de\/fr\/wp-json\/wp\/v2\/users\/3"}],"replies":[{"embeddable":true,"href":"https:\/\/www.infanterix.de\/fr\/wp-json\/wp\/v2\/comments?post=54"}],"version-history":[{"count":152,"href":"https:\/\/www.infanterix.de\/fr\/wp-json\/wp\/v2\/pages\/54\/revisions"}],"predecessor-version":[{"id":36754,"href":"https:\/\/www.infanterix.de\/fr\/wp-json\/wp\/v2\/pages\/54\/revisions\/36754"}],"up":[{"embeddable":true,"href":"https:\/\/www.infanterix.de\/fr\/wp-json\/wp\/v2\/pages\/25891"}],"wp:featuredmedia":[{"embeddable":true,"href":"https:\/\/www.infanterix.de\/fr\/wp-json\/wp\/v2\/media\/4966"}],"wp:attachment":[{"href":"https:\/\/www.infanterix.de\/fr\/wp-json\/wp\/v2\/media?parent=54"}],"curies":[{"name":"wp","href":"https:\/\/api.w.org\/{rel}","templated":true}]}}