{"id":42,"date":"2013-03-01T09:26:44","date_gmt":"2013-03-01T09:26:44","guid":{"rendered":"https:\/\/www.infanterix.de\/?page_id=42"},"modified":"2023-01-19T08:09:37","modified_gmt":"2023-01-19T07:09:37","slug":"bildungsziele","status":"publish","type":"page","link":"https:\/\/www.infanterix.de\/fr\/bildungsziele\/","title":{"rendered":"Les objectifs \u00e9ducatifs"},"content":{"rendered":"<h1 style=\"text-align: center;\">Les objectifs \u00e9ducatifs<\/h1>\n<h2 style=\"text-align: center;\">Le projet p\u00e9dagogique d\u2019Infanterix s\u2019appuie sur le plan d\u2019\u00e9ducation et de formation bavarois (Bayerische Erziehungs- und Bildungsplan &#8211; BEP).<\/h2>\n<p>Les comp\u00e9tences ma\u00eetresses \u00e0 d\u00e9velopper dans le cadre du BEP sont les facult\u00e9s d&rsquo;apprentissage, la prise d&rsquo;initiative, l&rsquo;estime de soi, l\u2019aptitude \u00e0 la r\u00e9solution de probl\u00e8mes, ainsi que la capacit\u00e9 de coop\u00e9ration et de communication des enfants.\u00a0 \u00c0 cela viennent se rajouter d\u2019autres composantes de base que sont l&rsquo;\u00e9ducation interculturelle, le soutien linguistique, les enseignements math\u00e9matiques et scientifiques, etc.<br \/>\nGr\u00e2ce \u00e0 nos observations, nous sommes en mesure de concevoir des activit\u00e9s correspondant au stade de d\u00e9veloppement cognitif, social, \u00e9motionnel et moteur des enfants. Ils sont ainsi pris en charge et accompagn\u00e9s dans leur exp\u00e9rience \u00e0 travers la vie et le monde.<\/p>\n<p>Il est important pour nous que les enfants se voient en tant que partenaires et soient actifs dans le d\u00e9veloppement et le fa\u00e7onnage des processus d\u2019apprentissage.<br \/>\nC\u2019est par leur enthousiasme et leur questionnement constant face \u00e0 leur environnement que les enfants favorisent le d\u00e9veloppement de leurs comp\u00e9tences de base. Les enfants doivent mettre \u00e0 contribution tous leurs sens et interagir avec leur environnement. \u00c0 cet \u00e2ge, tout apprentissage et processus de compr\u00e9hension ne peuvent se faire que par une perception active, une manipulation ainsi qu&rsquo;une action.<br \/>\nCes apprentissages et processus de d\u00e9veloppement sont d\u00e9crits sous forme de petites histoires dans les albums des enfants (Portfolios). Ponctuellement, des rencontres individuelles parent\/\u00e9ducateur sont organis\u00e9es afin d\u2019\u00e9changer sur les progr\u00e8s des enfants.<\/p>\n<p><strong><a href=\"https:\/\/www.infanterix.de\/wp-content\/uploads\/2021\/03\/Rahmenkonzeption-Infanterix-20210318.pdf\" target=\"_blank\" rel=\"noopener noreferrer\">Projet p\u00e9dagogique Infanterix\u00a0\u00bb<\/a><\/strong><\/p>\n<div style=\"margin-top:25px;margin-bottom:25px;\" class=\"separator transparent\"><\/div>\n","protected":false},"excerpt":{"rendered":"<p>Les objectifs \u00e9ducatifs Le projet p\u00e9dagogique d\u2019Infanterix s\u2019appuie sur le plan d\u2019\u00e9ducation et de formation bavarois (Bayerische Erziehungs- und Bildungsplan &#8211; BEP). Les comp\u00e9tences ma\u00eetresses \u00e0 d\u00e9velopper dans le cadre du BEP sont les facult\u00e9s d&rsquo;apprentissage, la prise d&rsquo;initiative, l&rsquo;estime de soi, l\u2019aptitude \u00e0 la&#8230;<\/p>\n","protected":false},"author":3,"featured_media":4951,"parent":0,"menu_order":1,"comment_status":"closed","ping_status":"closed","template":"","meta":{"footnotes":""},"class_list":["post-42","page","type-page","status-publish","has-post-thumbnail","hentry"],"translation":{"provider":"WPGlobus","version":"2.12.0","language":"fr","enabled_languages":["de","en","fr"],"languages":{"de":{"title":true,"content":true,"excerpt":false},"en":{"title":true,"content":true,"excerpt":false},"fr":{"title":true,"content":true,"excerpt":false}}},"_links":{"self":[{"href":"https:\/\/www.infanterix.de\/fr\/wp-json\/wp\/v2\/pages\/42","targetHints":{"allow":["GET"]}}],"collection":[{"href":"https:\/\/www.infanterix.de\/fr\/wp-json\/wp\/v2\/pages"}],"about":[{"href":"https:\/\/www.infanterix.de\/fr\/wp-json\/wp\/v2\/types\/page"}],"author":[{"embeddable":true,"href":"https:\/\/www.infanterix.de\/fr\/wp-json\/wp\/v2\/users\/3"}],"replies":[{"embeddable":true,"href":"https:\/\/www.infanterix.de\/fr\/wp-json\/wp\/v2\/comments?post=42"}],"version-history":[{"count":18,"href":"https:\/\/www.infanterix.de\/fr\/wp-json\/wp\/v2\/pages\/42\/revisions"}],"predecessor-version":[{"id":29236,"href":"https:\/\/www.infanterix.de\/fr\/wp-json\/wp\/v2\/pages\/42\/revisions\/29236"}],"wp:featuredmedia":[{"embeddable":true,"href":"https:\/\/www.infanterix.de\/fr\/wp-json\/wp\/v2\/media\/4951"}],"wp:attachment":[{"href":"https:\/\/www.infanterix.de\/fr\/wp-json\/wp\/v2\/media?parent=42"}],"curies":[{"name":"wp","href":"https:\/\/api.w.org\/{rel}","templated":true}]}}