{"id":36263,"date":"2024-10-30T15:50:15","date_gmt":"2024-10-30T14:50:15","guid":{"rendered":"https:\/\/www.infanterix.de\/?page_id=36263"},"modified":"2025-04-30T17:30:40","modified_gmt":"2025-04-30T15:30:40","slug":"unternehmen","status":"publish","type":"page","link":"https:\/\/www.infanterix.de\/fr\/unternehmen\/","title":{"rendered":"Unternehmen"},"content":{"rendered":"\n<p style=\"font-style:normal;font-weight:300\">Gemeinsam f\u00fcr die bessere Vereinbarkeit von Beruf und Familie. Infanterix erm\u00f6glicht Unternehmen an \u00fcber 20 Standorten ihren Mitarbeitenden eine hochwertige bilinguale Kinderbetreuung anzubieten. Dies bietet sowohl den Unternehmen als auch den Mitarbeitenden erhebliche Vorteile.<\/p>\n\n\n\n<div style=\"height:28px\" aria-hidden=\"true\" class=\"wp-block-spacer\"><\/div>\n\n\n\n<h3 class=\"wp-block-heading\" style=\"font-style:normal;font-weight:300\"><em>Warum die Kinderbetreuung durch den Arbeitgeber f\u00f6rdern?<\/em><\/h3>\n\n\n\n<ul class=\"wp-block-list\">\n<li><strong>H\u00f6here Mitarbeiterbindung und -zufriedenheit:<\/strong> Eltern k\u00f6nnen sich besser auf ihre Arbeit konzentrieren, wenn sie ihre Kinder gut betreut wissen.<\/li>\n\n\n\n<li><strong>Wiedereinstieg f\u00f6rdern:<\/strong> Eltern kehren schneller aus der Elternzeit zur\u00fcck, dadurch wird die Produktivit\u00e4t erh\u00f6ht und die Fluktuation verringert.<\/li>\n\n\n\n<li><strong>Steigerung der Attraktivit\u00e4t<\/strong>: Unternehmen, die Kinderbetreuung unterst\u00fctzen, positionieren sich als attraktive und familienfreundliche Arbeitgeber.<\/li>\n\n\n\n<li><strong>Flexible Modelle:<\/strong> Unternehmen k\u00f6nnen sich flexibel f\u00fcr eines unserer verschiedenen Kooperationsmodelle entscheiden.<\/li>\n<\/ul>\n\n\n\n<div style=\"height:28px\" aria-hidden=\"true\" class=\"wp-block-spacer\"><\/div>\n\n\n\n<p style=\"font-style:normal;font-weight:300\">Sofern Sie Eltern sind und Unterst\u00fctzung durch Ihren Arbeitgeber w\u00fcnschen, sprechen Sie diesen gerne auf Grundlage des untenstehenden PDFs an:<\/p>\n\n\n\n<p style=\"font-style:normal;font-weight:300\"><a href=\"https:\/\/www.infanterix.de\/wp-content\/uploads\/2024\/11\/20241029_Familienfreundliche-Loesungen-fuer-Mitarbeiter.pdf.pdf\">Bitte laden Sie folgende PDF herunter<em>.<\/em><\/a><\/p>\n\n\n\n<div style=\"height:28px\" aria-hidden=\"true\" class=\"wp-block-spacer\"><\/div>\n\n\n\n<p><\/p>\n\n\n\n<h3 class=\"wp-block-heading\" style=\"font-style:normal;font-weight:300\"><em>Haben Sie Fragen? Kontaktieren Sie uns gerne!<\/em><\/h3>\n\n\n\n<p><strong>Kooperationanfragen:<\/strong><\/p>\n\n\n\n<ul class=\"wp-block-list\">\n<li>Daniela Floritz<\/li>\n\n\n\n<li>Tel.: 089 &#8211; 289733 17<\/li>\n\n\n\n<li>E-Mail: <a href=\"mailto:administration@infanterix.de\">administration@infanterix.de<\/a><\/li>\n<\/ul>\n\n\n\n<p><\/p>\n","protected":false},"excerpt":{"rendered":"<p>Gemeinsam f\u00fcr die bessere Vereinbarkeit von Beruf und Familie. Infanterix erm\u00f6glicht Unternehmen an \u00fcber 20 Standorten ihren Mitarbeitenden eine hochwertige bilinguale Kinderbetreuung anzubieten. Dies bietet sowohl den Unternehmen als auch den Mitarbeitenden erhebliche Vorteile. Warum die Kinderbetreuung durch den Arbeitgeber f\u00f6rdern? Sofern Sie Eltern sind&#8230;<\/p>\n","protected":false},"author":23,"featured_media":0,"parent":0,"menu_order":0,"comment_status":"closed","ping_status":"closed","template":"","meta":{"footnotes":""},"class_list":["post-36263","page","type-page","status-publish","hentry"],"translation":{"provider":"WPGlobus","version":"2.12.0","language":"fr","enabled_languages":["de","en","fr"],"languages":{"de":{"title":true,"content":true,"excerpt":false},"en":{"title":false,"content":false,"excerpt":false},"fr":{"title":false,"content":false,"excerpt":false}}},"_links":{"self":[{"href":"https:\/\/www.infanterix.de\/fr\/wp-json\/wp\/v2\/pages\/36263","targetHints":{"allow":["GET"]}}],"collection":[{"href":"https:\/\/www.infanterix.de\/fr\/wp-json\/wp\/v2\/pages"}],"about":[{"href":"https:\/\/www.infanterix.de\/fr\/wp-json\/wp\/v2\/types\/page"}],"author":[{"embeddable":true,"href":"https:\/\/www.infanterix.de\/fr\/wp-json\/wp\/v2\/users\/23"}],"replies":[{"embeddable":true,"href":"https:\/\/www.infanterix.de\/fr\/wp-json\/wp\/v2\/comments?post=36263"}],"version-history":[{"count":9,"href":"https:\/\/www.infanterix.de\/fr\/wp-json\/wp\/v2\/pages\/36263\/revisions"}],"predecessor-version":[{"id":36416,"href":"https:\/\/www.infanterix.de\/fr\/wp-json\/wp\/v2\/pages\/36263\/revisions\/36416"}],"wp:attachment":[{"href":"https:\/\/www.infanterix.de\/fr\/wp-json\/wp\/v2\/media?parent=36263"}],"curies":[{"name":"wp","href":"https:\/\/api.w.org\/{rel}","templated":true}]}}