{"id":36230,"date":"2024-10-30T15:51:03","date_gmt":"2024-10-30T14:51:03","guid":{"rendered":"https:\/\/www.infanterix.de\/?page_id=36230"},"modified":"2025-04-30T20:37:49","modified_gmt":"2025-04-30T18:37:49","slug":"kooperationen-und-partnerschaften-2","status":"publish","type":"page","link":"https:\/\/www.infanterix.de\/fr\/kooperationen-und-partnerschaften-2\/","title":{"rendered":"Kooperationen und Partnerschaften"},"content":{"rendered":"\t\t<div data-elementor-type=\"wp-page\" data-elementor-id=\"36230\" class=\"elementor elementor-36230\">\n\t\t\t\t<div class=\"elementor-element elementor-element-765eb5e e-flex e-con-boxed elementor-invisible e-con e-parent\" data-id=\"765eb5e\" data-element_type=\"container\" data-settings=\"{&quot;animation&quot;:&quot;fadeInLeft&quot;}\">\n\t\t\t\t\t<div class=\"e-con-inner\">\n\t\t<div class=\"elementor-element elementor-element-6b2758e e-con-full e-flex e-con e-child\" data-id=\"6b2758e\" data-element_type=\"container\">\n\t\t\t\t<div class=\"elementor-element elementor-element-22dbdbb elementor-widget elementor-widget-image\" data-id=\"22dbdbb\" data-element_type=\"widget\" data-settings=\"{&quot;_animation&quot;:&quot;none&quot;}\" data-widget_type=\"image.default\">\n\t\t\t\t<div class=\"elementor-widget-container\">\n\t\t\t\t\t\t\t\t\t\t\t\t\t\t\t<img fetchpriority=\"high\" decoding=\"async\" width=\"768\" height=\"499\" src=\"https:\/\/www.infanterix.de\/wp-content\/uploads\/2018\/10\/Spielen-2-768x499.png\" class=\"attachment-medium_large size-medium_large wp-image-11141\" alt=\"\" srcset=\"https:\/\/www.infanterix.de\/wp-content\/uploads\/2018\/10\/Spielen-2-768x499.png 768w, https:\/\/www.infanterix.de\/wp-content\/uploads\/2018\/10\/Spielen-2-400x260.png 400w, https:\/\/www.infanterix.de\/wp-content\/uploads\/2018\/10\/Spielen-2.png 800w\" sizes=\"(max-width: 768px) 100vw, 768px\" \/>\t\t\t\t\t\t\t\t\t\t\t\t\t\t\t<\/div>\n\t\t\t\t<\/div>\n\t\t\t\t<\/div>\n\t\t<div class=\"elementor-element elementor-element-30168b3 e-con-full e-flex e-con e-child\" data-id=\"30168b3\" data-element_type=\"container\" data-settings=\"{&quot;animation&quot;:&quot;none&quot;}\">\n\t\t\t\t<div class=\"elementor-element elementor-element-7f63c63 elementor-widget elementor-widget-heading\" data-id=\"7f63c63\" data-element_type=\"widget\" data-widget_type=\"heading.default\">\n\t\t\t\t<div class=\"elementor-widget-container\">\n\t\t\t\t\t<h2 class=\"elementor-heading-title elementor-size-default\">St\u00e4dte und Kommunen<\/h2>\t\t\t\t<\/div>\n\t\t\t\t<\/div>\n\t\t\t\t<div class=\"elementor-element elementor-element-7c572bc elementor-widget elementor-widget-button\" data-id=\"7c572bc\" data-element_type=\"widget\" data-widget_type=\"button.default\">\n\t\t\t\t<div class=\"elementor-widget-container\">\n\t\t\t\t\t\t\t\t\t<div class=\"elementor-button-wrapper\">\n\t\t\t\t\t<a class=\"elementor-button elementor-button-link elementor-size-sm\" href=\"https:\/\/www.infanterix.de\/staedte-und-kommunen\/\">\n\t\t\t\t\t\t<span class=\"elementor-button-content-wrapper\">\n\t\t\t\t\t\t\t\t\t<span class=\"elementor-button-text\">Mehr Infos<\/span>\n\t\t\t\t\t<\/span>\n\t\t\t\t\t<\/a>\n\t\t\t\t<\/div>\n\t\t\t\t\t\t\t\t<\/div>\n\t\t\t\t<\/div>\n\t\t\t\t<div class=\"elementor-element elementor-element-8e918c1 elementor-widget__width-initial elementor-widget elementor-widget-text-editor\" data-id=\"8e918c1\" data-element_type=\"widget\" data-widget_type=\"text-editor.default\">\n\t\t\t\t<div class=\"elementor-widget-container\">\n\t\t\t\t\t\t\t\t\tDie Nachfrage an Kita-Pl\u00e4tzen wird in Deutschland zunehmend gr\u00f6\u00dfer. <br> Der Ausbau der Kitalandschaft ist deshalb auch in den n\u00e4chsten Jahren ein dringliches, zentrales, gesellschaftspolitisches Thema. Diesen konstant wachsenden Bedarf an Kinderbetreuungseinrichtungen abzudecken ist eine Aufgabe, der sich St\u00e4dte und Gemeinden immer h\u00e4ufiger in Zusammenarbeit mit kompetenten Partnern stellen.\t\t\t\t\t\t\t\t<\/div>\n\t\t\t\t<\/div>\n\t\t\t\t<\/div>\n\t\t\t\t\t<\/div>\n\t\t\t\t<\/div>\n\t\t<div class=\"elementor-element elementor-element-0d34a3e e-flex e-con-boxed e-con e-parent\" data-id=\"0d34a3e\" data-element_type=\"container\">\n\t\t\t\t\t<div class=\"e-con-inner\">\n\t\t\t\t<div class=\"elementor-element elementor-element-66b3c8d elementor-widget elementor-widget-spacer\" data-id=\"66b3c8d\" data-element_type=\"widget\" data-widget_type=\"spacer.default\">\n\t\t\t\t<div class=\"elementor-widget-container\">\n\t\t\t\t\t\t\t<div class=\"elementor-spacer\">\n\t\t\t<div class=\"elementor-spacer-inner\"><\/div>\n\t\t<\/div>\n\t\t\t\t\t\t<\/div>\n\t\t\t\t<\/div>\n\t\t<div class=\"elementor-element elementor-element-d06fc57 e-con-full e-flex elementor-invisible e-con e-child\" data-id=\"d06fc57\" data-element_type=\"container\" data-settings=\"{&quot;animation&quot;:&quot;fadeInRight&quot;}\">\n\t\t<div class=\"elementor-element elementor-element-d4f172c e-con-full e-flex elementor-invisible e-con e-child\" data-id=\"d4f172c\" data-element_type=\"container\" data-settings=\"{&quot;animation&quot;:&quot;fadeInRight&quot;}\">\n\t\t\t\t<div class=\"elementor-element elementor-element-21d5d64 elementor-widget elementor-widget-heading\" data-id=\"21d5d64\" data-element_type=\"widget\" data-widget_type=\"heading.default\">\n\t\t\t\t<div class=\"elementor-widget-container\">\n\t\t\t\t\t<h2 class=\"elementor-heading-title elementor-size-default\">Kitas<\/h2>\t\t\t\t<\/div>\n\t\t\t\t<\/div>\n\t\t\t\t<div class=\"elementor-element elementor-element-db51a65 elementor-widget elementor-widget-button\" data-id=\"db51a65\" data-element_type=\"widget\" data-widget_type=\"button.default\">\n\t\t\t\t<div class=\"elementor-widget-container\">\n\t\t\t\t\t\t\t\t\t<div class=\"elementor-button-wrapper\">\n\t\t\t\t\t<a class=\"elementor-button elementor-button-link elementor-size-sm\" href=\"https:\/\/www.infanterix.de\/kitas\/\">\n\t\t\t\t\t\t<span class=\"elementor-button-content-wrapper\">\n\t\t\t\t\t\t\t\t\t<span class=\"elementor-button-text\">Mehr Infos<\/span>\n\t\t\t\t\t<\/span>\n\t\t\t\t\t<\/a>\n\t\t\t\t<\/div>\n\t\t\t\t\t\t\t\t<\/div>\n\t\t\t\t<\/div>\n\t\t\t\t<div class=\"elementor-element elementor-element-9e63bac elementor-widget__width-initial elementor-widget elementor-widget-text-editor\" data-id=\"9e63bac\" data-element_type=\"widget\" data-widget_type=\"text-editor.default\">\n\t\t\t\t<div class=\"elementor-widget-container\">\n\t\t\t\t\t\t\t\t\t<p>Sie wissen es selbst am besten:<br \/>Die wachsenden, sich st\u00e4ndig ver\u00e4ndernden Herausforderungen, denen sich modern gef\u00fchrte Kindertagesst\u00e4tten heute stellen m\u00fcssen, um erfolgreich und verantwortlich zu arbeiten, erfordern H\u00f6chstleistungen im Bereich der P\u00e4dagogik, Organisation und B\u00fcrokratie.<\/p>\t\t\t\t\t\t\t\t<\/div>\n\t\t\t\t<\/div>\n\t\t\t\t<\/div>\n\t\t<div class=\"elementor-element elementor-element-799d8c7 e-con-full e-flex e-con e-child\" data-id=\"799d8c7\" data-element_type=\"container\">\n\t\t\t\t<div class=\"elementor-element elementor-element-4ef7255 elementor-invisible elementor-widget elementor-widget-image\" data-id=\"4ef7255\" data-element_type=\"widget\" data-settings=\"{&quot;_animation&quot;:&quot;fadeInLeft&quot;}\" data-widget_type=\"image.default\">\n\t\t\t\t<div class=\"elementor-widget-container\">\n\t\t\t\t\t\t\t\t\t\t\t\t\t\t\t<img decoding=\"async\" width=\"768\" height=\"605\" src=\"https:\/\/www.infanterix.de\/wp-content\/uploads\/2018\/10\/Spielen_mit-Schatten-768x605.png\" class=\"attachment-medium_large size-medium_large wp-image-11140\" alt=\"\" srcset=\"https:\/\/www.infanterix.de\/wp-content\/uploads\/2018\/10\/Spielen_mit-Schatten-768x605.png 768w, https:\/\/www.infanterix.de\/wp-content\/uploads\/2018\/10\/Spielen_mit-Schatten-400x315.png 400w, https:\/\/www.infanterix.de\/wp-content\/uploads\/2018\/10\/Spielen_mit-Schatten.png 800w\" sizes=\"(max-width: 768px) 100vw, 768px\" \/>\t\t\t\t\t\t\t\t\t\t\t\t\t\t\t<\/div>\n\t\t\t\t<\/div>\n\t\t\t\t<\/div>\n\t\t\t\t<\/div>\n\t\t\t\t\t<\/div>\n\t\t\t\t<\/div>\n\t\t<div class=\"elementor-element elementor-element-908382c e-flex e-con-boxed elementor-invisible e-con e-parent\" data-id=\"908382c\" data-element_type=\"container\" data-settings=\"{&quot;animation&quot;:&quot;fadeInLeft&quot;}\">\n\t\t\t\t\t<div class=\"e-con-inner\">\n\t\t<div class=\"elementor-element elementor-element-704de6b e-con-full e-flex e-con e-child\" data-id=\"704de6b\" data-element_type=\"container\">\n\t\t\t\t<div class=\"elementor-element elementor-element-2da7859 elementor-widget elementor-widget-image\" data-id=\"2da7859\" data-element_type=\"widget\" data-settings=\"{&quot;_animation&quot;:&quot;none&quot;}\" data-widget_type=\"image.default\">\n\t\t\t\t<div class=\"elementor-widget-container\">\n\t\t\t\t\t\t\t\t\t\t\t\t\t\t\t<img decoding=\"async\" width=\"768\" height=\"566\" src=\"https:\/\/www.infanterix.de\/wp-content\/uploads\/2017\/10\/Ueber-uns-768x566.png\" class=\"attachment-medium_large size-medium_large wp-image-6656\" alt=\"\" srcset=\"https:\/\/www.infanterix.de\/wp-content\/uploads\/2017\/10\/Ueber-uns-768x566.png 768w, https:\/\/www.infanterix.de\/wp-content\/uploads\/2017\/10\/Ueber-uns-400x295.png 400w, https:\/\/www.infanterix.de\/wp-content\/uploads\/2017\/10\/Ueber-uns.png 807w\" sizes=\"(max-width: 768px) 100vw, 768px\" \/>\t\t\t\t\t\t\t\t\t\t\t\t\t\t\t<\/div>\n\t\t\t\t<\/div>\n\t\t\t\t<\/div>\n\t\t<div class=\"elementor-element elementor-element-03a44eb e-con-full e-flex e-con e-child\" data-id=\"03a44eb\" data-element_type=\"container\" data-settings=\"{&quot;animation&quot;:&quot;none&quot;}\">\n\t\t\t\t<div class=\"elementor-element elementor-element-44dc0ed elementor-widget elementor-widget-heading\" data-id=\"44dc0ed\" data-element_type=\"widget\" data-widget_type=\"heading.default\">\n\t\t\t\t<div class=\"elementor-widget-container\">\n\t\t\t\t\t<h2 class=\"elementor-heading-title elementor-size-default\">Unternehmen<\/h2>\t\t\t\t<\/div>\n\t\t\t\t<\/div>\n\t\t\t\t<div class=\"elementor-element elementor-element-000b828 elementor-widget elementor-widget-button\" data-id=\"000b828\" data-element_type=\"widget\" data-widget_type=\"button.default\">\n\t\t\t\t<div class=\"elementor-widget-container\">\n\t\t\t\t\t\t\t\t\t<div class=\"elementor-button-wrapper\">\n\t\t\t\t\t<a class=\"elementor-button elementor-button-link elementor-size-sm\" href=\"https:\/\/www.infanterix.de\/unternehmen\/\">\n\t\t\t\t\t\t<span class=\"elementor-button-content-wrapper\">\n\t\t\t\t\t\t\t\t\t<span class=\"elementor-button-text\">Mehr Infos<\/span>\n\t\t\t\t\t<\/span>\n\t\t\t\t\t<\/a>\n\t\t\t\t<\/div>\n\t\t\t\t\t\t\t\t<\/div>\n\t\t\t\t<\/div>\n\t\t\t\t<div class=\"elementor-element elementor-element-b9d661f elementor-widget__width-initial elementor-widget elementor-widget-text-editor\" data-id=\"b9d661f\" data-element_type=\"widget\" data-widget_type=\"text-editor.default\">\n\t\t\t\t<div class=\"elementor-widget-container\">\n\t\t\t\t\t\t\t\t\tGemeinsam f\u00fcr die bessere Vereinbarkeit von Beruf und Familie.<br> Infanterix erm\u00f6glicht Unternehmen an \u00fcber 20 Standorten ihren Mitarbeitenden eine hochwertige bilinguale Kinderbetreuung anzubieten. Dies bietet sowohl den Unternehmen als auch den Mitarbeitenden erhebliche Vorteile.\t\t\t\t\t\t\t\t<\/div>\n\t\t\t\t<\/div>\n\t\t\t\t<\/div>\n\t\t\t\t\t<\/div>\n\t\t\t\t<\/div>\n\t\t<div class=\"elementor-element elementor-element-f0d4b01 e-flex e-con-boxed e-con e-parent\" data-id=\"f0d4b01\" data-element_type=\"container\">\n\t\t\t\t\t<div class=\"e-con-inner\">\n\t\t\t\t<div class=\"elementor-element elementor-element-a9de680 elementor-widget elementor-widget-spacer\" data-id=\"a9de680\" data-element_type=\"widget\" data-widget_type=\"spacer.default\">\n\t\t\t\t<div class=\"elementor-widget-container\">\n\t\t\t\t\t\t\t<div class=\"elementor-spacer\">\n\t\t\t<div class=\"elementor-spacer-inner\"><\/div>\n\t\t<\/div>\n\t\t\t\t\t\t<\/div>\n\t\t\t\t<\/div>\n\t\t\t\t\t<\/div>\n\t\t\t\t<\/div>\n\t\t<div class=\"elementor-element elementor-element-7b080d2 e-flex e-con-boxed elementor-invisible e-con e-parent\" data-id=\"7b080d2\" data-element_type=\"container\" data-settings=\"{&quot;animation&quot;:&quot;fadeInRight&quot;}\">\n\t\t\t\t\t<div class=\"e-con-inner\">\n\t\t<div class=\"elementor-element elementor-element-c69540f e-con-full e-flex e-con e-child\" data-id=\"c69540f\" data-element_type=\"container\" data-settings=\"{&quot;animation&quot;:&quot;none&quot;}\">\n\t\t\t\t<div class=\"elementor-element elementor-element-8b91432 elementor-widget elementor-widget-heading\" data-id=\"8b91432\" data-element_type=\"widget\" data-widget_type=\"heading.default\">\n\t\t\t\t<div class=\"elementor-widget-container\">\n\t\t\t\t\t<h2 class=\"elementor-heading-title elementor-size-default\">Bildungspartner<\/h2>\t\t\t\t<\/div>\n\t\t\t\t<\/div>\n\t\t\t\t<div class=\"elementor-element elementor-element-6b5d464 elementor-widget elementor-widget-button\" data-id=\"6b5d464\" data-element_type=\"widget\" data-widget_type=\"button.default\">\n\t\t\t\t<div class=\"elementor-widget-container\">\n\t\t\t\t\t\t\t\t\t<div class=\"elementor-button-wrapper\">\n\t\t\t\t\t<a class=\"elementor-button elementor-button-link elementor-size-sm\" href=\"https:\/\/www.infanterix.de\/bildungspartner\/\">\n\t\t\t\t\t\t<span class=\"elementor-button-content-wrapper\">\n\t\t\t\t\t\t\t\t\t<span class=\"elementor-button-text\">Mehr Infos<\/span>\n\t\t\t\t\t<\/span>\n\t\t\t\t\t<\/a>\n\t\t\t\t<\/div>\n\t\t\t\t\t\t\t\t<\/div>\n\t\t\t\t<\/div>\n\t\t\t\t<div class=\"elementor-element elementor-element-4fb5095 elementor-widget__width-initial elementor-widget elementor-widget-text-editor\" data-id=\"4fb5095\" data-element_type=\"widget\" data-widget_type=\"text-editor.default\">\n\t\t\t\t<div class=\"elementor-widget-container\">\n\t\t\t\t\t\t\t\t\t<p>Um Ihnen und Ihren Kindern ein gr\u00f6\u00dftm\u00f6gliches Ma\u00df an Qualit\u00e4t bieten zu k\u00f6nnen und immer wieder neue Impulse zu bekommen, arbeiten wir mit verschiedenen Bildungspartnern zusammen<\/p>\t\t\t\t\t\t\t\t<\/div>\n\t\t\t\t<\/div>\n\t\t\t\t<\/div>\n\t\t<div class=\"elementor-element elementor-element-64d246c e-con-full e-flex e-con e-child\" data-id=\"64d246c\" data-element_type=\"container\">\n\t\t\t\t<div class=\"elementor-element elementor-element-dc2a7d8 elementor-widget elementor-widget-image\" data-id=\"dc2a7d8\" data-element_type=\"widget\" data-settings=\"{&quot;_animation&quot;:&quot;none&quot;}\" data-widget_type=\"image.default\">\n\t\t\t\t<div class=\"elementor-widget-container\">\n\t\t\t\t\t\t\t\t\t\t\t\t\t\t\t<img loading=\"lazy\" decoding=\"async\" width=\"768\" height=\"480\" src=\"https:\/\/www.infanterix.de\/wp-content\/uploads\/2018\/10\/Malen_mit-Schatten-768x480.png\" class=\"attachment-medium_large size-medium_large wp-image-11138\" alt=\"\" srcset=\"https:\/\/www.infanterix.de\/wp-content\/uploads\/2018\/10\/Malen_mit-Schatten-768x480.png 768w, https:\/\/www.infanterix.de\/wp-content\/uploads\/2018\/10\/Malen_mit-Schatten-400x250.png 400w, https:\/\/www.infanterix.de\/wp-content\/uploads\/2018\/10\/Malen_mit-Schatten.png 800w\" sizes=\"(max-width: 768px) 100vw, 768px\" \/>\t\t\t\t\t\t\t\t\t\t\t\t\t\t\t<\/div>\n\t\t\t\t<\/div>\n\t\t\t\t<\/div>\n\t\t\t\t\t<\/div>\n\t\t\t\t<\/div>\n\t\t\t\t<\/div>\n\t\t","protected":false},"excerpt":{"rendered":"<p>St\u00e4dte und Kommunen Mehr Infos Die Nachfrage an Kita-Pl\u00e4tzen wird in Deutschland zunehmend gr\u00f6\u00dfer. Der Ausbau der Kitalandschaft ist deshalb auch in den n\u00e4chsten Jahren ein dringliches, zentrales, gesellschaftspolitisches Thema. Diesen konstant wachsenden Bedarf an Kinderbetreuungseinrichtungen abzudecken ist eine Aufgabe, der sich St\u00e4dte und Gemeinden&#8230;<\/p>\n","protected":false},"author":23,"featured_media":0,"parent":0,"menu_order":0,"comment_status":"closed","ping_status":"closed","template":"","meta":{"footnotes":""},"class_list":["post-36230","page","type-page","status-publish","hentry"],"translation":{"provider":"WPGlobus","version":"2.12.0","language":"fr","enabled_languages":["de","en","fr"],"languages":{"de":{"title":true,"content":true,"excerpt":false},"en":{"title":false,"content":false,"excerpt":false},"fr":{"title":false,"content":false,"excerpt":false}}},"_links":{"self":[{"href":"https:\/\/www.infanterix.de\/fr\/wp-json\/wp\/v2\/pages\/36230","targetHints":{"allow":["GET"]}}],"collection":[{"href":"https:\/\/www.infanterix.de\/fr\/wp-json\/wp\/v2\/pages"}],"about":[{"href":"https:\/\/www.infanterix.de\/fr\/wp-json\/wp\/v2\/types\/page"}],"author":[{"embeddable":true,"href":"https:\/\/www.infanterix.de\/fr\/wp-json\/wp\/v2\/users\/23"}],"replies":[{"embeddable":true,"href":"https:\/\/www.infanterix.de\/fr\/wp-json\/wp\/v2\/comments?post=36230"}],"version-history":[{"count":34,"href":"https:\/\/www.infanterix.de\/fr\/wp-json\/wp\/v2\/pages\/36230\/revisions"}],"predecessor-version":[{"id":36423,"href":"https:\/\/www.infanterix.de\/fr\/wp-json\/wp\/v2\/pages\/36230\/revisions\/36423"}],"wp:attachment":[{"href":"https:\/\/www.infanterix.de\/fr\/wp-json\/wp\/v2\/media?parent=36230"}],"curies":[{"name":"wp","href":"https:\/\/api.w.org\/{rel}","templated":true}]}}