{"id":36206,"date":"2024-10-30T12:46:07","date_gmt":"2024-10-30T11:46:07","guid":{"rendered":"https:\/\/www.infanterix.de\/?page_id=36206"},"modified":"2024-11-11T16:37:36","modified_gmt":"2024-11-11T15:37:36","slug":"kitagebuehren-kuerzen","status":"publish","type":"page","link":"https:\/\/www.infanterix.de\/fr\/kitagebuehren-kuerzen\/","title":{"rendered":"Unterst\u00fctzung des Arbeitgebers bei den Kitageb\u00fchren"},"content":{"rendered":"<h3>Unterst\u00fctzung des Arbeitgebers bei den Kitageb\u00fchren<\/h3>\n<p>W\u00fcnschen Sie sich, dass die Geb\u00fchren f\u00fcr die Kita Ihres Kindes von Ihrem Arbeitgeber \u00fcbernommen oder zumindest bezuschusst werden? Dann ergreifen Sie die Initiative und schlagen Sie es Ihrem Arbeitgeber vor! Die Bereitstellung von Kooperationspl\u00e4tzen in Kindertagesst\u00e4tten bietet sowohl f\u00fcr Unternehmen als auch f\u00fcr Mitarbeitende erhebliche Vorteile. Infanterix ist als hochwertiger bilingualer Kita-Tr\u00e4ger mit \u00fcber 20 Standorten der ideale Partner f\u00fcr dieses Vorhaben!<\/p>\n<h3>Sie k\u00f6nnen jetzt folgende Schritte unternehmen:<\/h3>\n<ol>\n<li><strong>PDF herunterladen:<\/strong> Laden Sie unser Informations-PDF herunter. <a href=\"https:\/\/www.infanterix.de\/wp-content\/uploads\/2024\/11\/20241029_Familienfreundliche-Loesungen-fuer-Mitarbeiter.pdf.pdf\">(Informations-PDF) <\/a><\/li>\n<li><strong>Weiterleiten:<\/strong> Schicken Sie das PDF an Ihren Arbeitgeber oder den Betriebsrat.<\/li>\n<li><strong>Interesse bekunden:<\/strong> Informieren Sie Ihren Arbeitgeber dar\u00fcber, dass Interesse von den Mitarbeitenden besteht.<\/li>\n<\/ol>\n<p>Gemeinsam k\u00f6nnen wir die Vereinbarkeit von Beruf und Familie verbessern und eine hochwertige Betreuung f\u00fcr Ihre Kinder sicherstellen.<\/p>\n","protected":false},"excerpt":{"rendered":"<p>Unterst\u00fctzung des Arbeitgebers bei den Kitageb\u00fchren W\u00fcnschen Sie sich, dass die Geb\u00fchren f\u00fcr die Kita Ihres Kindes von Ihrem Arbeitgeber \u00fcbernommen oder zumindest bezuschusst werden? Dann ergreifen Sie die Initiative und schlagen Sie es Ihrem Arbeitgeber vor! Die Bereitstellung von Kooperationspl\u00e4tzen in Kindertagesst\u00e4tten bietet sowohl&#8230;<\/p>\n","protected":false},"author":23,"featured_media":0,"parent":0,"menu_order":0,"comment_status":"closed","ping_status":"closed","template":"","meta":{"footnotes":""},"class_list":["post-36206","page","type-page","status-publish","hentry"],"translation":{"provider":"WPGlobus","version":"2.12.0","language":"fr","enabled_languages":["de","en","fr"],"languages":{"de":{"title":true,"content":true,"excerpt":false},"en":{"title":false,"content":true,"excerpt":false},"fr":{"title":false,"content":false,"excerpt":false}}},"_links":{"self":[{"href":"https:\/\/www.infanterix.de\/fr\/wp-json\/wp\/v2\/pages\/36206","targetHints":{"allow":["GET"]}}],"collection":[{"href":"https:\/\/www.infanterix.de\/fr\/wp-json\/wp\/v2\/pages"}],"about":[{"href":"https:\/\/www.infanterix.de\/fr\/wp-json\/wp\/v2\/types\/page"}],"author":[{"embeddable":true,"href":"https:\/\/www.infanterix.de\/fr\/wp-json\/wp\/v2\/users\/23"}],"replies":[{"embeddable":true,"href":"https:\/\/www.infanterix.de\/fr\/wp-json\/wp\/v2\/comments?post=36206"}],"version-history":[{"count":43,"href":"https:\/\/www.infanterix.de\/fr\/wp-json\/wp\/v2\/pages\/36206\/revisions"}],"predecessor-version":[{"id":36350,"href":"https:\/\/www.infanterix.de\/fr\/wp-json\/wp\/v2\/pages\/36206\/revisions\/36350"}],"wp:attachment":[{"href":"https:\/\/www.infanterix.de\/fr\/wp-json\/wp\/v2\/media?parent=36206"}],"curies":[{"name":"wp","href":"https:\/\/api.w.org\/{rel}","templated":true}]}}