{"id":25891,"date":"2022-03-17T11:37:50","date_gmt":"2022-03-17T10:37:50","guid":{"rendered":"https:\/\/www.infanterix.de\/?page_id=25891"},"modified":"2025-01-28T11:51:39","modified_gmt":"2025-01-28T10:51:39","slug":"anmeldung","status":"publish","type":"page","link":"https:\/\/www.infanterix.de\/fr\/anmeldung\/","title":{"rendered":"Inscription"},"content":{"rendered":"<h1>Formalit\u00e9s d\u2019inscription<\/h1>\n<h5><strong>Pour les pr\u00e9inscriptions, afin de r\u00e9server une place dans une de nos structures, <span style=\"color: #ff0000;\">veuillez utiliser le lien de la ville\/commune concern\u00e9e et notre formulaire interne.<\/span><\/strong><\/h5>\n<p>(Il n\u2019est pas encore possible de relier notre base de donn\u00e9es interne avec \u00ab Kita Finder Plus \u00bb ou d\u2019autres portails).<br \/>\nToutes les donn\u00e9es sont soumises \u00e0 la protection des donn\u00e9es et seront trait\u00e9es par nous de mani\u00e8re strictement confidentielle !<\/p>\n<p>Nous attirons votre attention sur le fait que la priorit\u00e9 indiqu\u00e9e joue un r\u00f4le important dans l&rsquo;attribution des places. Si Infanterix est l\u2019\u00e9tablissement souhait\u00e9, veuillez indiquer la priorit\u00e9 1 ici.<\/p>\n<div style=\"\" class=\"separator transparent\"><\/div>\n<p style=\"text-align: center;\">Les options d&rsquo;inscription sont les suivantes :<\/p>\n<div class=\"tabs \"><ul class=\"tabs-nav\"><li><a href=\"#tabid1\">Munich<\/a><\/li><li><a href=\"#tabid2\">Banlieue munichoise<\/a><\/li><li><a href=\"#tabid3\">Augsburg<\/a><\/li><li><a href=\"#tabid4\">Ingolstadt<\/a><\/li><li><a href=\"#tabid5\">Stein<\/a><\/li><li><a href=\"#tabid6\">Ulm<\/a><\/li><\/ul><div class=\"tabs-container\">\n<div id=\"tabid1\" class=\"tab-content\">\n<p style=\"text-align: center;\"><span class=\"nr\"><strong>1\u00e8re \u00e9tape de l&rsquo;inscription<\/strong><\/span><\/p>\n<p style=\"text-align: center;\"><strong>Installations \u00e0 Munich :<\/strong><br \/>\n<a href=\"https:\/\/kitafinder.muenchen.de\/elternportal\/de\/\" target=\"_blank\" rel=\"noopener noreferrer\">Inscription Kita Finder Plus<\/a><\/p>\n<div style=\"margin-top:5px;margin-bottom:10px;\" class=\"separator transparent\"><\/div>\n<p style=\"text-align: center;\"><span class=\"nr\"><strong>2\u00e8me \u00e9tape de l&rsquo;inscription<\/strong><\/span><\/p>\n<p style=\"text-align: center;\">En compl\u00e9ment, nous vous prions de bien vouloir remplir notre formulaire de donn\u00e9es interne :<\/p>\n<div class=\"three_columns clearfix\"><div class=\"column1\"><div class=\"column_inner\">\n<h5><a href=\"https:\/\/www.infanterix.de\/fr\/anmeldung\/aubing\/\">Infanterix Aubing \u00bb<\/a><\/h5>\n<h5><a href=\"https:\/\/www.infanterix.de\/fr\/anmeldung\/aubing-2\/\">Infanterix Aubing 2 \u00bb<\/a><\/h5>\n<h5><a href=\"https:\/\/www.infanterix.de\/fr\/anmeldung\/berg-am-laim\/\">Infanterix Berg am Laim \u00bb<\/a><\/h5>\n<h5><a href=\"https:\/\/www.infanterix.de\/fr\/anmeldung\/blumenau\/\">Infanterix Blumenau \u00bb<\/a><\/h5>\n<h5><a href=\"https:\/\/www.infanterix.de\/fr\/anmeldung\/freiham\/\">Infanterix Freiham \u00bb<\/a><\/h5>\n<h5><a href=\"https:\/\/www.infanterix.de\/fr\/anmeldung\/freiham-2\/\">Infanterix Freiham 2 \u00bb<\/a><\/h5>\n<\/div><\/div>\n<div class=\"column2\"><div class=\"column_inner\">\n<h5><a href=\"https:\/\/www.infanterix.de\/fr\/anmeldung\/haidhausen-1\/\">Infanterix Haidhausen 1 \u00bb<\/a><\/h5>\n<h5><a href=\"https:\/\/www.infanterix.de\/fr\/anmeldung\/haidhausen-2\/\">Infanterix Haidhausen 2 \u00bb<\/a><\/h5>\n<h5><a href=\"https:\/\/www.infanterix.de\/fr\/anmeldung\/harras\/\">Infanterix Harras \u00bb<\/a><\/h5>\n<h5><a href=\"https:\/\/www.infanterix.de\/fr\/anmeldung\/moosach\/\">Infanterix Moosach \u00bb<\/a><\/h5>\n<h5><a href=\"https:\/\/www.infanterix.de\/fr\/anmeldung\/neuhausen\/\">Infanterix Neuhausen \u00bb<\/a><\/h5>\n<h5><a href=\"https:\/\/www.infanterix.de\/fr\/anmeldung\/neuhausen-2\/\">Infanterix Neuhausen 2 \u00bb<\/a><\/h5>\n<\/div><\/div>\n<div class=\"column3\"><div class=\"column_inner\">\n<h5><a href=\"https:\/\/www.infanterix.de\/fr\/anmeldung\/peschelanger\/\">Infanterix Neuperlach \u00bb<\/a><\/h5>\n<h5><a href=\"https:\/\/www.infanterix.de\/fr\/anmeldung\/schwabing\/\">Infanterix Schwabing \u00bb<\/a><\/h5>\n<h5><a href=\"https:\/\/www.infanterix.de\/fr\/anmeldung\/sendling\/\">Infanterix Sendling \u00bb<\/a><\/h5>\n<h5><a href=\"https:\/\/www.infanterix.de\/fr\/anmeldung\/trudering\/\">Infanterix Trudering \u00bb<\/a><\/h5>\n<h5><a href=\"https:\/\/www.infanterix.de\/fr\/anmeldung\/westpark\/\">Infanterix Westpark \u00bb<\/a><\/h5>\n<\/div><\/div><\/div>\n<div style=\"\" class=\"separator transparent\"><\/div>\n<\/div>\n<div id=\"tabid2\" class=\"tab-content\">\n<div style=\"\" class=\"separator normal\"><\/div>\n<div class=\"two_columns_50_50 clearfix\"><div class=\"column1\"><div class=\"column_inner\">\n<strong>Infanterix Garching:<br \/>\n<\/strong>Inscription exclusivement via notre formulaire<br \/>\n<\/div><\/div>\n<div class=\"column2\"><div class=\"column_inner\">\n<div style=\"margin-top:5px;margin-bottom:10px;\" class=\"separator transparent\"><\/div>\n<h5><a href=\"https:\/\/www.infanterix.de\/fr\/anmeldung\/garching\/\">Infanterix Garching \u00bb<\/a><\/h5>\n<\/div><\/div><\/div>\n<div style=\"\" class=\"separator normal\"><\/div>\n<div class=\"two_columns_50_50 clearfix\"><div class=\"column1\"><div class=\"column_inner\">\n<p><span class=\"nr\"><strong>1\u00e8re \u00e9tape de l&rsquo;inscription<\/strong><\/span><\/p>\n<p><strong>Infanterix Germering:<br \/>\n<a href=\"https:\/\/www.buergerserviceportal.de\/bayern\/germering\/bsp_kita_anmeldung\" target=\"_blank\" rel=\"noopener\">Inscription Germering<\/a><\/strong>,<br \/>\n<strong><a href=\"https:\/\/www.infanterix.de\/wp-content\/uploads\/2022\/01\/Information-zur-Kita-Anmeldung-2022.pdf\" target=\"_blank\" rel=\"noopener noreferrer\">Informations\u00a0<\/a><\/strong><\/p>\n<p><strong>Inscription et admission possibles uniquement pour les parents r\u00e9sidant \u00e0 Germering.<\/strong><\/p>\n<div style=\"margin-top:5px;margin-bottom:10px;\" class=\"separator transparent\"><\/div>\n<\/div><\/div>\n<div class=\"column2\"><div class=\"column_inner\">\n<p><span class=\"nr\"><strong>2\u00e8me \u00e9tape de l&rsquo;inscription<\/strong><\/span><\/p>\n<div style=\"margin-top:5px;margin-bottom:10px;\" class=\"separator transparent\"><\/div>\n<h5><a href=\"https:\/\/www.infanterix.de\/fr\/anmeldung\/germering\/\">Infanterix Germering \u00bb<\/a><\/h5>\n<\/div><\/div><\/div>\n<div style=\"\" class=\"separator normal\"><\/div>\n<div class=\"two_columns_50_50 clearfix\"><div class=\"column1\"><div class=\"column_inner\">\n<p><span class=\"nr\"><strong>1\u00e8re \u00e9tape de l&rsquo;inscription<\/strong><\/span><\/p>\n<p><strong>Infanterix Unterhaching<\/strong>: <strong><br \/>\n<\/strong><strong><a href=\"https:\/\/www.buergerserviceportal.de\/bayern\/unterhaching\/bsp_kita_anmeldung\" target=\"_blank\" rel=\"noopener noreferrer\">Inscription Unterhaching<\/a><\/strong><\/p>\n<p><strong>Inscription et admission possibles uniquement pour les parents r\u00e9sidant \u00e0 Unterhaching.<\/strong><\/p>\n<div style=\"margin-top:5px;margin-bottom:10px;\" class=\"separator transparent\"><\/div>\n<\/div><\/div>\n<div class=\"column2\"><div class=\"column_inner\">\n<p><span class=\"nr\"><strong>2\u00e8me \u00e9tape de l&rsquo;inscription<\/strong><\/span><\/p>\n<div style=\"margin-top:5px;margin-bottom:10px;\" class=\"separator transparent\"><\/div>\n<h5><a href=\"https:\/\/www.infanterix.de\/fr\/anmeldung\/unterhaching\/\">Infanterix Unterhaching \u00bb<\/a><\/h5>\n<\/div><\/div><\/div>\n<div style=\"\" class=\"separator normal\"><\/div>\n<\/div>\n<div id=\"tabid3\" class=\"tab-content\">\n<div style=\"\" class=\"separator normal\"><\/div>\n<div class=\"two_columns_50_50 clearfix\"><div class=\"column1\"><div class=\"column_inner\">\n<p><span class=\"nr\"><strong>1\u00e8re \u00e9tape de l&rsquo;inscription<\/strong><\/span><\/p>\n<p><strong>Infanterix Augsburg:<br \/>\n<a href=\"https:\/\/www.augsburg.de\/umwelt-soziales\/kindertagesbetreuung-in-augsburg\/kita-portal\" target=\"_blank\" rel=\"noopener\">Inscription Augsburg<\/a><\/strong><br \/>\n<div style=\"margin-top:5px;margin-bottom:10px;\" class=\"separator transparent\"><\/div>\n<\/div><\/div>\n<div class=\"column2\"><div class=\"column_inner\">\n<p><span class=\"nr\"><strong>2\u00e8me \u00e9tape de l&rsquo;inscription<\/strong><\/span><\/p>\n<div style=\"margin-top:5px;margin-bottom:10px;\" class=\"separator transparent\"><\/div>\n<h5><a href=\"https:\/\/www.infanterix.de\/fr\/anmeldung\/augsburg-antonsviertel\/\">Infanterix Antonsviertel \u00bb<\/a><\/h5>\n<\/div><\/div><\/div>\n<div style=\"\" class=\"separator normal\"><\/div>\n<\/div>\n<div id=\"tabid4\" class=\"tab-content\">\n<div style=\"\" class=\"separator normal\"><\/div>\n<div class=\"two_columns_50_50 clearfix\"><div class=\"column1\"><div class=\"column_inner\">\n<p><span class=\"nr\"><strong>1\u00e8re \u00e9tape de l&rsquo;inscription<\/strong><\/span><\/p>\n<p><strong>Infanterix Ingolstadt:<br \/>\n<a href=\"https:\/\/kita-planer.kdo.de\/ingolstadt-elternportal\/elternportal\/de\/\" target=\"_blank\" rel=\"noopener\">Inscription Ingolstadt<\/a><\/strong><br \/>\n<div style=\"margin-top:5px;margin-bottom:10px;\" class=\"separator transparent\"><\/div>\n<\/div><\/div>\n<div class=\"column2\"><div class=\"column_inner\">\n<p><span class=\"nr\"><strong>2\u00e8me \u00e9tape de l&rsquo;inscription<\/strong><\/span><\/p>\n<div style=\"margin-top:5px;margin-bottom:10px;\" class=\"separator transparent\"><\/div>\n<h5><a href=\"https:\/\/www.infanterix.de\/fr\/anmeldung\/ingolstadt\/\">Infanterix Ingolstadt \u00bb<\/a><\/h5>\n<\/div><\/div><\/div>\n<div style=\"\" class=\"separator normal\"><\/div>\n<\/div>\n<div id=\"tabid5\" class=\"tab-content\">\n<div style=\"\" class=\"separator normal\"><\/div>\n<h5 style=\"text-align: center;\"><a href=\"https:\/\/www.infanterix.de\/fr\/anmeldung\/stein\/\">Infanterix Stein \u00bb<\/a><\/h5>\n<p style=\"text-align: center;\"><strong>Inscription et admission possibles uniquement pour les parents r\u00e9sidant \u00e0 Stein.<\/strong><\/p>\n<div style=\"\" class=\"separator normal\"><\/div>\n<\/div>\n<div id=\"tabid6\" class=\"tab-content\">\n<div style=\"\" class=\"separator normal\"><\/div>\n<div class=\"two_columns_50_50 clearfix\"><div class=\"column1\"><div class=\"column_inner\">\n<p><span class=\"nr\"><strong>1\u00e8re \u00e9tape de l&rsquo;inscription<\/strong><\/span><\/p>\n<p><strong>Infanterix Ulm:<\/strong><br \/>\nInscriptions aupr\u00e8s de la d\u00e9l\u00e9gu\u00e9e \u00e0 l\u2019\u00e9galit\u00e9 des chances de l\u2019h\u00f4pital de la Bundeswehr de Ulm.<br \/>\n<div style=\"margin-top:5px;margin-bottom:10px;\" class=\"separator transparent\"><\/div>\n<\/div><\/div>\n<div class=\"column2\"><div class=\"column_inner\">\n<p><span class=\"nr\"><strong>2\u00e8me \u00e9tape de l&rsquo;inscription<\/strong><\/span><\/p>\n<div style=\"margin-top:5px;margin-bottom:10px;\" class=\"separator transparent\"><\/div>\n<h5><a href=\"https:\/\/www.infanterix.de\/fr\/anmeldung\/ulm-villa-sanigel\/\">Infanterix Villa SanIgel \u00bb<\/a><\/h5>\n<\/div><\/div><\/div>\n<div style=\"\" class=\"separator normal\"><\/div>\n<\/div>\n<\/div><\/div>\n","protected":false},"excerpt":{"rendered":"<p>Formalit\u00e9s d\u2019inscription Pour les pr\u00e9inscriptions, afin de r\u00e9server une place dans une de nos structures, veuillez utiliser le lien de la ville\/commune concern\u00e9e et notre formulaire interne. (Il n\u2019est pas encore possible de relier notre base de donn\u00e9es interne avec \u00ab Kita Finder Plus \u00bb&#8230;<\/p>\n","protected":false},"author":3,"featured_media":0,"parent":0,"menu_order":0,"comment_status":"closed","ping_status":"closed","template":"","meta":{"footnotes":""},"class_list":["post-25891","page","type-page","status-publish","hentry"],"translation":{"provider":"WPGlobus","version":"2.12.0","language":"fr","enabled_languages":["de","en","fr"],"languages":{"de":{"title":true,"content":true,"excerpt":false},"en":{"title":true,"content":true,"excerpt":false},"fr":{"title":true,"content":true,"excerpt":false}}},"_links":{"self":[{"href":"https:\/\/www.infanterix.de\/fr\/wp-json\/wp\/v2\/pages\/25891","targetHints":{"allow":["GET"]}}],"collection":[{"href":"https:\/\/www.infanterix.de\/fr\/wp-json\/wp\/v2\/pages"}],"about":[{"href":"https:\/\/www.infanterix.de\/fr\/wp-json\/wp\/v2\/types\/page"}],"author":[{"embeddable":true,"href":"https:\/\/www.infanterix.de\/fr\/wp-json\/wp\/v2\/users\/3"}],"replies":[{"embeddable":true,"href":"https:\/\/www.infanterix.de\/fr\/wp-json\/wp\/v2\/comments?post=25891"}],"version-history":[{"count":121,"href":"https:\/\/www.infanterix.de\/fr\/wp-json\/wp\/v2\/pages\/25891\/revisions"}],"predecessor-version":[{"id":36712,"href":"https:\/\/www.infanterix.de\/fr\/wp-json\/wp\/v2\/pages\/25891\/revisions\/36712"}],"wp:attachment":[{"href":"https:\/\/www.infanterix.de\/fr\/wp-json\/wp\/v2\/media?parent=25891"}],"curies":[{"name":"wp","href":"https:\/\/api.w.org\/{rel}","templated":true}]}}