{"id":2226,"date":"2014-01-27T14:02:30","date_gmt":"2014-01-27T13:02:30","guid":{"rendered":"https:\/\/www.infanterix.de\/?page_id=2226"},"modified":"2024-09-02T14:12:49","modified_gmt":"2024-09-02T12:12:49","slug":"unsere-gruendungsgeschichte","status":"publish","type":"page","link":"https:\/\/www.infanterix.de\/fr\/ueber-uns\/unsere-gruendungsgeschichte\/","title":{"rendered":"Notre histoire"},"content":{"rendered":"<h1 style=\"text-align: center;\">Notre histoire<\/h1>\n<div style=\"margin-top:25px;margin-bottom:20px;\" class=\"separator transparent\"><\/div>\n<p>C&rsquo;est en discutant avec des parents de diverses nationalit\u00e9s que Benjamin B. Tajedini d\u00e9cide de fonder des structures d\u2019accueil multilingues pour les jeunes enfants. Ce sont principalement les parents amen\u00e9s r\u00e9guli\u00e8rement, de par leur m\u00e9tier, \u00e0 voyager \u00e0 l\u2019\u00e9tranger qui sont pleinement conscients de la n\u00e9cessit\u00e9 de se b\u00e2tir un profil bilingue voire polyglotte. Ces parents souhaitent tr\u00e8s t\u00f4t confronter leur enfant aux langues. Les \u00e9tudes r\u00e9centes dans le domaine ne font que renforcer la sagacit\u00e9 de ce souhait. En effet, il est attest\u00e9 que les enfants familiaris\u00e9s aux langues \u00e9trang\u00e8res au cours de leur jeune \u00e2ge d\u00e9veloppent plus tard de fortes capacit\u00e9s d\u2019apprentissage linguistiques.<\/p>\n<p>Pour mener \u00e0 bien son projet, Benjamin Tajedini s\u2019entoure d\u2019une \u00e9quipe d\u2019\u00e9ducateurs de langue maternelle, dont l\u2019\u00e9ducation, la formation et les comp\u00e9tences p\u00e9dagogiques refl\u00e8tent les particularit\u00e9s propres \u00e0 leur pays d\u2019origine.<\/p>\n<ul>\n<li>En <strong>janvier 2007<\/strong>, la premi\u00e8re structure de garde Infanterix ouvre ses portes dans le quartier de <strong>Neuhausen<\/strong> avec deux groupes en cr\u00e8che, un groupe franco-allemand et un groupe anglo-allemand. La demande se faisant plus importante, en octobre de la m\u00eame ann\u00e9e, la structure accueille deux groupes suppl\u00e9mentaires.<\/li>\n<li>En <strong>mars 2009<\/strong>, une nouvelle structure est cr\u00e9\u00e9e, Infanterix <strong>Harras<\/strong>, avec deux groupes franco-allemands en cr\u00e8che.<\/li>\n<li>En <strong>septembre 2009<\/strong>, Infanterix <strong>Neuhausen<\/strong> s&rsquo;agrandit avec un groupe franco-allemand en jardin d\u2019enfants, de 24 enfants. Puis en septembre 2010, sont accueillis 24 enfants suppl\u00e9mentaires pour former un nouveau groupe anglo-allemand en jardin d\u2019enfants .<\/li>\n<li>En <strong>janvier 2012<\/strong>, Infanterix ouvre une troisi\u00e8me structure \u00e0 <strong>Schwabing <\/strong>(pr\u00e9c\u00e9dement nomm\u00e9e Das Gl\u00fcckskinderhaus), avec des groupes franco-allemands.<br \/>\n<img decoding=\"async\" class=\"alignnone wp-image-11215\" src=\"https:\/\/www.infanterix.de\/wp-content\/uploads\/2018\/10\/Logo-Gl\u00fcckskinderhaus.png\" alt=\"\" width=\"60\" height=\"60\" srcset=\"https:\/\/www.infanterix.de\/wp-content\/uploads\/2018\/10\/Logo-Gl\u00fcckskinderhaus.png 220w, https:\/\/www.infanterix.de\/wp-content\/uploads\/2018\/10\/Logo-Gl\u00fcckskinderhaus-200x200.png 200w\" sizes=\"(max-width: 60px) 100vw, 60px\" \/><\/li>\n<li>En <strong>avril 2013<\/strong>, Infanterix <strong>Moosach<\/strong> ouvre ses portes avec deux groupes en cr\u00e8che et un groupe en jardin d\u2019enfants anglo-allemands.<\/li>\n<li>En <strong>octobre 2013<\/strong>, la structure 100% anglo-allemande Infanterix <strong>Aubing 1<\/strong> fait son apparition avec trois groupes en cr\u00e8che et deux groupes en jardin d\u2019enfants.<\/li>\n<li>En <strong>mars 2014<\/strong>, la nouvelle structure Infanterix <strong>Blumenau<\/strong> accueille quatre groupes anglo-allemands en cr\u00e8che.<\/li>\n<li>En <strong>mai 2015<\/strong>, Infanterix acqui\u00e8re une deuxi\u00e8me structure \u00e0 Aubing, enti\u00e8rement anglo-allemande, nomm\u00e9e Infanterix <strong>Aubing 2 <\/strong>(pr\u00e9c\u00e9dement nomm\u00e9e Die Gl\u00fccksb\u00e4ren).<br \/>\nElle comprend deux groupes en cr\u00e8che, un groupe en jardin d&rsquo;enfants et un Hort (garderie pour les \u00e9coliers).<br \/>\n<img decoding=\"async\" class=\"alignnone wp-image-11214\" src=\"https:\/\/www.infanterix.de\/wp-content\/uploads\/2018\/10\/Gl\u00fccksb\u00e4ren.jpg\" alt=\"\" width=\"136\" height=\"50\" \/><\/li>\n<li>En <strong>septembre 2015<\/strong>, Infanterix <strong>Westpark<\/strong> vient agrandir Infanterix avec deux groupes en cr\u00e8che et un groupe en jardin d\u2019enfants franco-allemands.<\/li>\n<li>En <strong>novembre 2015<\/strong>, Infanterix ouvre une deuxi\u00e8me structure \u00e0 <strong>Neuhausen 2 <\/strong>(pr\u00e9c\u00e9dement nomm\u00e9e Lucky children),<br \/>\nconstitu\u00e9e de deux groupes anglo-allemands en cr\u00e8che.<br \/>\n<img decoding=\"async\" class=\"alignnone wp-image-11216\" src=\"https:\/\/www.infanterix.de\/wp-content\/uploads\/2018\/10\/Logo-Lucky-Children.png\" alt=\"\" width=\"91\" height=\"50\" srcset=\"https:\/\/www.infanterix.de\/wp-content\/uploads\/2018\/10\/Logo-Lucky-Children.png 201w, https:\/\/www.infanterix.de\/wp-content\/uploads\/2018\/10\/Logo-Lucky-Children-200x111.png 200w\" sizes=\"(max-width: 91px) 100vw, 91px\" \/><\/li>\n<li>En <strong>septembre 2017<\/strong>, ouvre Infanterix la structure <strong>SieKids<\/strong>. Celle-ci se situe \u00e0 proximit\u00e9 du si\u00e8ge de Siemens AG \u00e0 Wittelsbachplatz et accueille deux groupes en cr\u00e8che et un groupe en jardin d\u2019enfants anglo-allemands.<\/li>\n<li>En <strong>f\u00e9vrier 2018<\/strong>, Infanterix <strong>Neuperlach<\/strong> ouvre ses portes avec deux groupes en cr\u00e8che et trois groupes en jardin d\u2019enfants franco-allemands.<\/li>\n<li>En <strong>juin 2018,<\/strong> les structures anglo-allemandes Marienk\u00e4fer rejoignent Infanterix et sont renomm\u00e9es Infanterix <strong>Haidhausen 1<\/strong> et Infanterix <strong>Haidhausen 2<br \/>\n<\/strong>(pr\u00e9c\u00e9dement nomm\u00e9es Die Marienk\u00e4fer Kindervilla).<br \/>\n<img loading=\"lazy\" decoding=\"async\" class=\"alignnone wp-image-11217\" src=\"https:\/\/www.infanterix.de\/wp-content\/uploads\/2018\/10\/Marienk\u00e4fer.jpg\" alt=\"\" width=\"60\" height=\"60\" \/><\/li>\n<li>En <strong> juillet 2019<\/strong> les 4 structures Zukunft Kinderkrippe, situ\u00e9es \u00e0 Berg am Laim, Dornach, Garching et Ismaning, rejoignent le groupe.<br \/>\n<img loading=\"lazy\" decoding=\"async\" class=\"alignnone wp-image-11217\" src=\"https:\/\/www.infanterix.de\/wp-content\/uploads\/2019\/07\/LogoZukunft-kinderkrippe.jpg\" alt=\"\" width=\"60\" height=\"60\" \/><\/li>\n<li>En <strong>Mars 2020<\/strong>, Infanterix Sendling ouvre ses portes avec trois groupes en cr\u00e8che et deux groupes en jardin d\u2019enfants anglo-allemands.<\/li>\n<li>En <strong>Octobre 2020<\/strong>\u00a0 Infanterix <strong>Germering<\/strong> ouvre ses portes. Cette structure est compos\u00e9e de 3 groupes de cr\u00e8ches et 3 groupes de jardin d\u2019enfants.<\/li>\n<li>En <strong>f\u00e9vrier 2021<\/strong> Infanterix <strong>Feiham<\/strong> ouvre ses portes. Cette structure est compos\u00e9e de 3 groupes de cr\u00e8ches et 3 groupe de jardin d\u2019enfants.<\/li>\n<li>En <strong>novembre 2021<\/strong> Infanterix <strong>Augsburg Antonsviertel<\/strong> ouvre ses portes. Cette structure est compos\u00e9e de 2 groupes de cr\u00e8ches et 3 groupe de jardin d\u2019enfants.<\/li>\n<\/ul>\n<div style=\"margin-top:25px;margin-bottom:25px;\" class=\"separator transparent\"><\/div>\n","protected":false},"excerpt":{"rendered":"<p>Notre histoire C&rsquo;est en discutant avec des parents de diverses nationalit\u00e9s que Benjamin B. Tajedini d\u00e9cide de fonder des structures d\u2019accueil multilingues pour les jeunes enfants. Ce sont principalement les parents amen\u00e9s r\u00e9guli\u00e8rement, de par leur m\u00e9tier, \u00e0 voyager \u00e0 l\u2019\u00e9tranger qui sont pleinement conscients&#8230;<\/p>\n","protected":false},"author":23,"featured_media":0,"parent":10070,"menu_order":1,"comment_status":"closed","ping_status":"closed","template":"","meta":{"footnotes":""},"class_list":["post-2226","page","type-page","status-publish","hentry"],"translation":{"provider":"WPGlobus","version":"2.12.0","language":"fr","enabled_languages":["de","en","fr"],"languages":{"de":{"title":true,"content":true,"excerpt":false},"en":{"title":true,"content":true,"excerpt":false},"fr":{"title":true,"content":true,"excerpt":false}}},"_links":{"self":[{"href":"https:\/\/www.infanterix.de\/fr\/wp-json\/wp\/v2\/pages\/2226","targetHints":{"allow":["GET"]}}],"collection":[{"href":"https:\/\/www.infanterix.de\/fr\/wp-json\/wp\/v2\/pages"}],"about":[{"href":"https:\/\/www.infanterix.de\/fr\/wp-json\/wp\/v2\/types\/page"}],"author":[{"embeddable":true,"href":"https:\/\/www.infanterix.de\/fr\/wp-json\/wp\/v2\/users\/23"}],"replies":[{"embeddable":true,"href":"https:\/\/www.infanterix.de\/fr\/wp-json\/wp\/v2\/comments?post=2226"}],"version-history":[{"count":11,"href":"https:\/\/www.infanterix.de\/fr\/wp-json\/wp\/v2\/pages\/2226\/revisions"}],"predecessor-version":[{"id":35890,"href":"https:\/\/www.infanterix.de\/fr\/wp-json\/wp\/v2\/pages\/2226\/revisions\/35890"}],"up":[{"embeddable":true,"href":"https:\/\/www.infanterix.de\/fr\/wp-json\/wp\/v2\/pages\/10070"}],"wp:attachment":[{"href":"https:\/\/www.infanterix.de\/fr\/wp-json\/wp\/v2\/media?parent=2226"}],"curies":[{"name":"wp","href":"https:\/\/api.w.org\/{rel}","templated":true}]}}