{"id":14,"date":"2013-03-01T08:20:44","date_gmt":"2013-03-01T08:20:44","guid":{"rendered":"https:\/\/www.infanterix.de\/?page_id=14"},"modified":"2024-06-12T12:29:38","modified_gmt":"2024-06-12T10:29:38","slug":"impressum","status":"publish","type":"page","link":"https:\/\/www.infanterix.de\/fr\/impressum\/","title":{"rendered":"Mentions l\u00e9gales"},"content":{"rendered":"<h1>Mentions l\u00e9gales<\/h1>\n<p><strong>Infanterix si\u00e8ge social<\/strong><br \/>\nInfanterix GmbH<br \/>\nHeiterwanger Stra\u00dfe 36<br \/>\n81373 Munich<\/p>\n<p>T\u00e9l\u00e9phone +49 (89) 97.39.46.99<br \/>\nFax +49 (89) 97.39.46.98<br \/>\ninfo@infanterix.de<\/p>\n<p><strong>G\u00e9rant<\/strong><br \/>\nDr. Sonja B\u00fcrger<\/p>\n<p><strong>Registre du commerce\u00a0<\/strong><br \/>\nHRB 184550<br \/>\nAmtsgericht M\u00fcnchen<\/p>\n<p><strong>USt. ID<\/strong><br \/>\nGrandir GmbH: DE362329481<br \/>\nZukunft Kinderkrippe GmbH: DE249015945<br \/>\nInfanterix GmbH: DE270819683<br \/>\nInfanterix M\u00fcnchen GmbH: DE273475885<br \/>\nInfanterix Bayern GmbH: DE283553696<\/p>\n<p>Je souhaite remercier chaleureusement \u00a0nos partenaires, la ville de Munich et toutes les autres institutions pour leur confiance et leur collaboration efficiente.<\/p>\n<p>Pour finir, je remercie nos g\u00e9n\u00e9reux donateurs, qui ont contribu\u00e9 de mani\u00e8re d\u00e9cisive \u00e0 la r\u00e9alisation de nos installations ext\u00e9rieures.<\/p>\n<h2>Informations juridiques<\/h2>\n<p>Tous droits r\u00e9serv\u00e9s. Tous les contenus, textes, images, graphiques, fichiers vid\u00e9os et audios du site web Infanterix sont soumis \u00e0 la protection du droit d\u2019auteur et autres lois de protection. Le contenu du site web ne peut \u00eatre copi\u00e9, utilis\u00e9 \u00e0 des fins commerciales, subir des modifications et \u00eatre rendu accessible \u00e0 des tiers. En outre, certains contenus sont soumis en Copyright aux droit d\u2019auteurs de tiers.<\/p>\n<p>Malgr\u00e9 le plus grand soin apport\u00e9 au contenu du site web, Infanterix ne peut garantir l\u2019enti\u00e8re exactitude et pr\u00e9cision de celui-ci. Les informations fournies sont au plus proche de la r\u00e9alit\u00e9 actuelle, mais la pleine et enti\u00e8re responsabilit\u00e9 des pr\u00e9cisions apport\u00e9es est exclue. Ceci est valable pour tous les liens contenus dans ce site.<\/p>\n<p>Toutes les donn\u00e9es personnelles enregistr\u00e9es sont collect\u00e9es et stock\u00e9es, dans l\u2019attente d\u2019un traitement (envoi d\u2019information ou offre de services). Infanterix assure que les donn\u00e9es personnelles sont trait\u00e9es de fa\u00e7on confidentielle, conform\u00e9ment aux dispositions relatives \u00e0 la protection de la vie priv\u00e9e en vigueur.<\/p>\n","protected":false},"excerpt":{"rendered":"<p>Mentions l\u00e9gales Infanterix si\u00e8ge social Infanterix GmbH Heiterwanger Stra\u00dfe 36 81373 Munich T\u00e9l\u00e9phone +49 (89) 97.39.46.99 Fax +49 (89) 97.39.46.98 info@infanterix.de G\u00e9rant Dr. Sonja B\u00fcrger Registre du commerce\u00a0 HRB 184550 Amtsgericht M\u00fcnchen USt. ID Grandir GmbH: DE362329481 Zukunft Kinderkrippe GmbH: DE249015945 Infanterix GmbH: DE270819683 Infanterix&#8230;<\/p>\n","protected":false},"author":3,"featured_media":0,"parent":0,"menu_order":13,"comment_status":"closed","ping_status":"closed","template":"","meta":{"footnotes":""},"class_list":["post-14","page","type-page","status-publish","hentry"],"translation":{"provider":"WPGlobus","version":"2.12.0","language":"fr","enabled_languages":["de","en","fr"],"languages":{"de":{"title":true,"content":true,"excerpt":false},"en":{"title":true,"content":true,"excerpt":false},"fr":{"title":true,"content":true,"excerpt":false}}},"_links":{"self":[{"href":"https:\/\/www.infanterix.de\/fr\/wp-json\/wp\/v2\/pages\/14","targetHints":{"allow":["GET"]}}],"collection":[{"href":"https:\/\/www.infanterix.de\/fr\/wp-json\/wp\/v2\/pages"}],"about":[{"href":"https:\/\/www.infanterix.de\/fr\/wp-json\/wp\/v2\/types\/page"}],"author":[{"embeddable":true,"href":"https:\/\/www.infanterix.de\/fr\/wp-json\/wp\/v2\/users\/3"}],"replies":[{"embeddable":true,"href":"https:\/\/www.infanterix.de\/fr\/wp-json\/wp\/v2\/comments?post=14"}],"version-history":[{"count":7,"href":"https:\/\/www.infanterix.de\/fr\/wp-json\/wp\/v2\/pages\/14\/revisions"}],"predecessor-version":[{"id":35838,"href":"https:\/\/www.infanterix.de\/fr\/wp-json\/wp\/v2\/pages\/14\/revisions\/35838"}],"wp:attachment":[{"href":"https:\/\/www.infanterix.de\/fr\/wp-json\/wp\/v2\/media?parent=14"}],"curies":[{"name":"wp","href":"https:\/\/api.w.org\/{rel}","templated":true}]}}