{"id":10045,"date":"2018-07-12T11:09:44","date_gmt":"2018-07-12T09:09:44","guid":{"rendered":"https:\/\/www.infanterix.de\/?page_id=10045"},"modified":"2023-03-24T15:21:15","modified_gmt":"2023-03-24T14:21:15","slug":"paedagogik","status":"publish","type":"page","link":"https:\/\/www.infanterix.de\/fr\/paedagogik\/","title":{"rendered":"P\u00e9dagogie"},"content":{"rendered":"<section class='parallax'>\n<section id=\"1\" style=\"background-image:url(); background-color:;\" data-height=\"\" data-title=\"...\"><div class=\"parallax_content center\">\n<div style=\"margin-top:40px;margin-bottom:30px;\" class=\"separator transparent\"><\/div>\n<h2>Le multilinguisme<\/h2>\n<div style=\"margin-top:5px;margin-bottom:5px;\" class=\"separator transparent\"><\/div>\n<h4><\/h4>\n<div style=\"margin-top:35px;margin-bottom:35px;\" class=\"separator transparent\"><\/div>\n<div class=\"two_columns_50_50 clearfix\"><div class=\"column1\"><div class=\"column_inner\">\n<p style=\"text-align: right;\">Chez Infanterix, le bilinguisme est un pilier de notre projet p\u00e9dagogique. Le bilinguisme, c&rsquo;est non seulement le fait de ma\u00eetriser deux langues, mais aussi d&rsquo;\u00eatre capable de comprendre deux cultures diff\u00e9rentes.<\/p>\n<p style=\"text-align: left;\"><div style=\"margin-top:10px;margin-bottom:15px;\" class=\"separator transparent\"><\/div>\n<p style=\"text-align: right;\"><a href=\"https:\/\/www.infanterix.de\/fr\/paedagogik\/mehrsprachigkeit\/\" target=\"_self\" class=\"button small  with_shadow\" style=\"\">Lire la suite<\/a>\n<\/div><\/div>\n<div class=\"column2\"><div class=\"column_inner\">\n<div class='element_from_left'><div>\n<img fetchpriority=\"high\" decoding=\"async\" class=\"alignnone size-medium wp-image-5688\" src=\"https:\/\/www.infanterix.de\/wp-content\/uploads\/2017\/10\/Bilingualit\u00e4t_neu.png\" alt=\"\" width=\"400\" height=\"267\"><br \/>\n<\/div><\/div>\n<\/div><\/div><\/div>\n<\/div><\/section>\n<div style=\"margin-top:20px;margin-bottom:0px;\" class=\"separator full_width\"><\/div>\n<section id=\"2\" style=\"background-image:url(); background-color:#f8f8f8;\" data-height=\"\" data-title=\"...\"><div class=\"parallax_content center\">\n<div style=\"margin-top:40px;margin-bottom:30px;\" class=\"separator transparent\"><\/div>\n<h2>Les objectifs \u00e9ducatifs<\/h2>\n<div style=\"margin-top:5px;margin-bottom:5px;\" class=\"separator transparent\"><\/div>\n<h4><\/h4>\n<div class=\"two_columns_50_50 clearfix\"><div class=\"column1\"><div class=\"column_inner\">\n<div class='element_from_left'><div>\n<p><img decoding=\"async\" class=\"alignnone wp-image-6650 size-large\" src=\"https:\/\/www.infanterix.de\/wp-content\/uploads\/2017\/08\/Mathematische-Bildung_neu.png\" alt=\"\" width=\"940\" height=\"374\"><\/p>\n<\/div><\/div>\n<\/div><\/div>\n<div class=\"column2\"><div class=\"column_inner\">\n<div style=\"margin-top:15px;margin-bottom:15px;\" class=\"separator transparent\"><\/div>\n<p style=\"text-align: left;\">L\u2019 objectif principal de notre travail p\u00e9dagogique est d\u2019\u00e9duquer les enfants qui nous sont confi\u00e9s afin qu\u2019ils deviennent des individus responsables, confiants et tol\u00e9rants. Nous souhaitons les rendre aptes \u00e0 g\u00e9rer toutes les situations possibles au sein d\u2019une soci\u00e9t\u00e9 multiculturelle. Nous avons con\u00e7u des activit\u00e9s ludiques pour stimuler les processus d\u2019apprentissage et de formation dans ce sens.<\/p>\n<div style=\"margin-top:10px;margin-bottom:15px;\" class=\"separator transparent\"><\/div>\n<p style=\"text-align: left;\"><a href=\"https:\/\/www.infanterix.de\/fr\/paedagogik\/bildungsziele\/\" target=\"_self\" class=\"button small  with_shadow\" style=\"\">Lire la suite<\/a>\n<\/div><\/div><\/div>\n<div style=\"margin-top:0px;margin-bottom:15px;\" class=\"separator transparent\"><\/div>\n<\/div><\/section>\n<div style=\"margin-top:0px;margin-bottom:70px;\" class=\"separator full_width\"><\/div>\n<section id=\"3\" style=\"background-image:url(); background-color:;\" data-height=\"\" data-title=\"...\"><div class=\"parallax_content center\">\n<div class=\"two_columns_50_50 clearfix\"><div class=\"column1\"><div class=\"column_inner\">\n<div style=\"margin-top:25px;margin-bottom:15px;\" class=\"separator transparent\"><\/div>\n<h2 style=\"text-align: left;\">La qualit\u00e9<\/h2>\n<div style=\"margin-top:5px;margin-bottom:5px;\" class=\"separator transparent\"><\/div>\n<h4 style=\"text-align: left;\"><\/h4>\n<div style=\"margin-top:15px;margin-bottom:15px;\" class=\"separator transparent\"><\/div>\n<p style=\"text-align: left;\">Le droit \u00e0 une \u00e9ducation et \u00e0 un accueil de qualit\u00e9 est au c\u0153ur des attentes des familles. D\u00e9couvrez les engagements et actions concr\u00e8tes d&rsquo;Infanterix dans le cadre de sa politique qualit\u00e9.<\/p>\n<div style=\"margin-top:10px;margin-bottom:15px;\" class=\"separator transparent\"><\/div>\n<p style=\"text-align: left;\"><a href=\"https:\/\/www.infanterix.de\/fr\/paedagogik\/qualitaet-2\/\" target=\"_self\" class=\"button small  with_shadow\" style=\"\">Lire la suite<\/a>\n<\/div><\/div>\n<div class=\"column2\"><div class=\"column_inner\">\n<div class='element_from_right'><div>\n<p><img decoding=\"async\" class=\"alignnone wp-image-6652 size-full\" src=\"https:\/\/www.infanterix.de\/wp-content\/uploads\/2017\/07\/Qualitaet.jpg\" alt=\"\" width=\"849\" height=\"566\"><\/p>\n<\/div><\/div>\n<\/div><\/div><\/div>\n<\/div><\/section>\n<div style=\"margin-top:5px;margin-bottom:10px;\" class=\"separator transparent\"><\/div>\n<\/section>\n","protected":false},"excerpt":{"rendered":"","protected":false},"author":23,"featured_media":0,"parent":0,"menu_order":0,"comment_status":"closed","ping_status":"closed","template":"full_width.php","meta":{"footnotes":""},"class_list":["post-10045","page","type-page","status-publish","hentry"],"translation":{"provider":"WPGlobus","version":"2.12.0","language":"fr","enabled_languages":["de","en","fr"],"languages":{"de":{"title":true,"content":true,"excerpt":false},"en":{"title":true,"content":true,"excerpt":false},"fr":{"title":true,"content":true,"excerpt":false}}},"_links":{"self":[{"href":"https:\/\/www.infanterix.de\/fr\/wp-json\/wp\/v2\/pages\/10045","targetHints":{"allow":["GET"]}}],"collection":[{"href":"https:\/\/www.infanterix.de\/fr\/wp-json\/wp\/v2\/pages"}],"about":[{"href":"https:\/\/www.infanterix.de\/fr\/wp-json\/wp\/v2\/types\/page"}],"author":[{"embeddable":true,"href":"https:\/\/www.infanterix.de\/fr\/wp-json\/wp\/v2\/users\/23"}],"replies":[{"embeddable":true,"href":"https:\/\/www.infanterix.de\/fr\/wp-json\/wp\/v2\/comments?post=10045"}],"version-history":[{"count":14,"href":"https:\/\/www.infanterix.de\/fr\/wp-json\/wp\/v2\/pages\/10045\/revisions"}],"predecessor-version":[{"id":36473,"href":"https:\/\/www.infanterix.de\/fr\/wp-json\/wp\/v2\/pages\/10045\/revisions\/36473"}],"wp:attachment":[{"href":"https:\/\/www.infanterix.de\/fr\/wp-json\/wp\/v2\/media?parent=10045"}],"curies":[{"name":"wp","href":"https:\/\/api.w.org\/{rel}","templated":true}]}}