{"id":36447,"date":"2025-05-22T18:51:13","date_gmt":"2025-05-22T16:51:13","guid":{"rendered":"https:\/\/www.infanterix.de\/?page_id=36447"},"modified":"2025-05-22T19:00:01","modified_gmt":"2025-05-22T17:00:01","slug":"faqs-fuer-eltern","status":"publish","type":"page","link":"https:\/\/www.infanterix.de\/en\/paedagogik\/faqs-fuer-eltern\/","title":{"rendered":"FAQs f\u00fcr Eltern"},"content":{"rendered":"\t\t<div data-elementor-type=\"wp-page\" data-elementor-id=\"36447\" class=\"elementor elementor-36447\">\n\t\t\t\t<div class=\"elementor-element elementor-element-503bec9 e-flex e-con-boxed e-con e-parent\" data-id=\"503bec9\" data-element_type=\"container\">\n\t\t\t\t\t<div class=\"e-con-inner\">\n\t\t\t\t<div class=\"elementor-element elementor-element-9c7c5b4 elementor-widget elementor-widget-n-accordion\" data-id=\"9c7c5b4\" data-element_type=\"widget\" data-settings=\"{&quot;max_items_expended&quot;:&quot;multiple&quot;,&quot;n_accordion_animation_duration&quot;:{&quot;unit&quot;:&quot;ms&quot;,&quot;size&quot;:200,&quot;sizes&quot;:[]},&quot;default_state&quot;:&quot;expanded&quot;}\" data-widget_type=\"nested-accordion.default\">\n\t\t\t\t<div class=\"elementor-widget-container\">\n\t\t\t\t\t\t\t<div class=\"e-n-accordion\" aria-label=\"Accordion. Open links with Enter or Space, close with Escape, and navigate with Arrow Keys\">\n\t\t\t\t\t\t<details id=\"e-n-accordion-item-1640\" class=\"e-n-accordion-item\" open>\n\t\t\t\t<summary class=\"e-n-accordion-item-title\" data-accordion-index=\"1\" tabindex=\"0\" aria-expanded=\"true\" aria-controls=\"e-n-accordion-item-1640\" >\n\t\t\t\t\t<span class='e-n-accordion-item-title-header'><div class=\"e-n-accordion-item-title-text\"> Wie melde ich mich f\u00fcr eine Platz an? <\/div><\/span>\n\t\t\t\t\t\t\t<span class='e-n-accordion-item-title-icon'>\n\t\t\t<span class='e-opened' ><svg aria-hidden=\"true\" class=\"e-font-icon-svg e-fas-angle-up\" viewBox=\"0 0 320 512\" xmlns=\"http:\/\/www.w3.org\/2000\/svg\"><path d=\"M177 159.7l136 136c9.4 9.4 9.4 24.6 0 33.9l-22.6 22.6c-9.4 9.4-24.6 9.4-33.9 0L160 255.9l-96.4 96.4c-9.4 9.4-24.6 9.4-33.9 0L7 329.7c-9.4-9.4-9.4-24.6 0-33.9l136-136c9.4-9.5 24.6-9.5 34-.1z\"><\/path><\/svg><\/span>\n\t\t\t<span class='e-closed'><svg aria-hidden=\"true\" class=\"e-font-icon-svg e-fas-angle-down\" viewBox=\"0 0 320 512\" xmlns=\"http:\/\/www.w3.org\/2000\/svg\"><path d=\"M143 352.3L7 216.3c-9.4-9.4-9.4-24.6 0-33.9l22.6-22.6c9.4-9.4 24.6-9.4 33.9 0l96.4 96.4 96.4-96.4c9.4-9.4 24.6-9.4 33.9 0l22.6 22.6c9.4 9.4 9.4 24.6 0 33.9l-136 136c-9.2 9.4-24.4 9.4-33.8 0z\"><\/path><\/svg><\/span>\n\t\t<\/span>\n\n\t\t\t\t\t\t<\/summary>\n\t\t\t\t<div role=\"region\" aria-labelledby=\"e-n-accordion-item-1640\" class=\"elementor-element elementor-element-2054e84 e-con-full e-flex e-con e-child\" data-id=\"2054e84\" data-element_type=\"container\">\n\t\t<div role=\"region\" aria-labelledby=\"e-n-accordion-item-1640\" class=\"elementor-element elementor-element-0170c6d e-flex e-con-boxed e-con e-child\" data-id=\"0170c6d\" data-element_type=\"container\">\n\t\t\t\t\t<div class=\"e-con-inner\">\n\t\t\t\t<div class=\"elementor-element elementor-element-2870b35 elementor-widget elementor-widget-text-editor\" data-id=\"2870b35\" data-element_type=\"widget\" data-widget_type=\"text-editor.default\">\n\t\t\t\t<div class=\"elementor-widget-container\">\n\t\t\t\t\t\t\t\t\t<p>F\u00fcr M\u00fcnchner Einrichtungen, die im F\u00f6rdermodell der Stadt M\u00fcnchen sind m\u00fcssen Sie sich \u00fcber den kita-Finder Plus anmelden und auf unserer Website das Datenformular ausf\u00fcllen. F\u00fcr die Einrichtungen au\u00dferhalb M\u00fcnchen ist das Anmeldeverfahren von Gemeinde zu Gemeinde unterschiedlich. Alle Portale und Informationen erhalten Sie hier: <a href=\"https:\/\/www.infanterix.de\/anmeldung\/\">Anmeldung \u2013 Infanterix \u2013 Multilinguale Krippen &amp; Kinderg\u00e4rten<\/a><\/p>\t\t\t\t\t\t\t\t<\/div>\n\t\t\t\t<\/div>\n\t\t\t\t\t<\/div>\n\t\t\t\t<\/div>\n\t\t\t\t<\/div>\n\t\t\t\t\t<\/details>\n\t\t\t\t\t\t<details id=\"e-n-accordion-item-1641\" class=\"e-n-accordion-item\" >\n\t\t\t\t<summary class=\"e-n-accordion-item-title\" data-accordion-index=\"2\" tabindex=\"-1\" aria-expanded=\"false\" aria-controls=\"e-n-accordion-item-1641\" >\n\t\t\t\t\t<span class='e-n-accordion-item-title-header'><div class=\"e-n-accordion-item-title-text\"> Wann bekomme ich eine R\u00fcckmeldung? <\/div><\/span>\n\t\t\t\t\t\t\t<span class='e-n-accordion-item-title-icon'>\n\t\t\t<span class='e-opened' ><svg aria-hidden=\"true\" class=\"e-font-icon-svg e-fas-angle-up\" viewBox=\"0 0 320 512\" xmlns=\"http:\/\/www.w3.org\/2000\/svg\"><path d=\"M177 159.7l136 136c9.4 9.4 9.4 24.6 0 33.9l-22.6 22.6c-9.4 9.4-24.6 9.4-33.9 0L160 255.9l-96.4 96.4c-9.4 9.4-24.6 9.4-33.9 0L7 329.7c-9.4-9.4-9.4-24.6 0-33.9l136-136c9.4-9.5 24.6-9.5 34-.1z\"><\/path><\/svg><\/span>\n\t\t\t<span class='e-closed'><svg aria-hidden=\"true\" class=\"e-font-icon-svg e-fas-angle-down\" viewBox=\"0 0 320 512\" xmlns=\"http:\/\/www.w3.org\/2000\/svg\"><path d=\"M143 352.3L7 216.3c-9.4-9.4-9.4-24.6 0-33.9l22.6-22.6c9.4-9.4 24.6-9.4 33.9 0l96.4 96.4 96.4-96.4c9.4-9.4 24.6-9.4 33.9 0l22.6 22.6c9.4 9.4 9.4 24.6 0 33.9l-136 136c-9.2 9.4-24.4 9.4-33.8 0z\"><\/path><\/svg><\/span>\n\t\t<\/span>\n\n\t\t\t\t\t\t<\/summary>\n\t\t\t\t<div role=\"region\" aria-labelledby=\"e-n-accordion-item-1641\" class=\"elementor-element elementor-element-045c0f7 e-con-full e-flex e-con e-child\" data-id=\"045c0f7\" data-element_type=\"container\">\n\t\t\t\t<div class=\"elementor-element elementor-element-33063e5 elementor-widget elementor-widget-text-editor\" data-id=\"33063e5\" data-element_type=\"widget\" data-widget_type=\"text-editor.default\">\n\t\t\t\t<div class=\"elementor-widget-container\">\n\t\t\t\t\t\t\t\t\t<p><strong>F\u00fcr Platzanmeldungen zum Start eines Kindergartenjahres (September):<br \/><\/strong>F\u00fcr M\u00fcnchner Einrichtungen, die im F\u00f6rdermodell der Stadt M\u00fcnchen sind erhalten Sie eine R\u00fcckmeldung, ob wir Ihnen einen Platz zusagen k\u00f6nnen am zentralen Stichtag, der immer Anfang M\u00e4rz liegt.<br \/><strong>In den Nicht-M\u00fcnchner Einrichtungen sind die Stichtage zur R\u00fcckmeldung wie folgt:<br \/><\/strong><\/p><ul><li>Stein = Januar<\/li><li>Unterhaching Krippe = Mai , Unterhaching KiGA= April<\/li><li>Germering= April<\/li><li>Ingolstadt= M\u00e4rz<\/li><li>Augsburg= M\u00e4rz<\/li><\/ul><p><br \/><strong>Bei Anmeldungen zu unterj\u00e4hrigen Startdaten melden wir uns bei Ihnen individuell, wenn ein Platz frei wird.<\/strong><\/p>\t\t\t\t\t\t\t\t<\/div>\n\t\t\t\t<\/div>\n\t\t\t\t<\/div>\n\t\t\t\t\t<\/details>\n\t\t\t\t\t\t<details id=\"e-n-accordion-item-1642\" class=\"e-n-accordion-item\" >\n\t\t\t\t<summary class=\"e-n-accordion-item-title\" data-accordion-index=\"3\" tabindex=\"-1\" aria-expanded=\"false\" aria-controls=\"e-n-accordion-item-1642\" >\n\t\t\t\t\t<span class='e-n-accordion-item-title-header'><div class=\"e-n-accordion-item-title-text\"> Wie kann ich eine Einrichtung besichtigen? <\/div><\/span>\n\t\t\t\t\t\t\t<span class='e-n-accordion-item-title-icon'>\n\t\t\t<span class='e-opened' ><svg aria-hidden=\"true\" class=\"e-font-icon-svg e-fas-angle-up\" viewBox=\"0 0 320 512\" xmlns=\"http:\/\/www.w3.org\/2000\/svg\"><path d=\"M177 159.7l136 136c9.4 9.4 9.4 24.6 0 33.9l-22.6 22.6c-9.4 9.4-24.6 9.4-33.9 0L160 255.9l-96.4 96.4c-9.4 9.4-24.6 9.4-33.9 0L7 329.7c-9.4-9.4-9.4-24.6 0-33.9l136-136c9.4-9.5 24.6-9.5 34-.1z\"><\/path><\/svg><\/span>\n\t\t\t<span class='e-closed'><svg aria-hidden=\"true\" class=\"e-font-icon-svg e-fas-angle-down\" viewBox=\"0 0 320 512\" xmlns=\"http:\/\/www.w3.org\/2000\/svg\"><path d=\"M143 352.3L7 216.3c-9.4-9.4-9.4-24.6 0-33.9l22.6-22.6c9.4-9.4 24.6-9.4 33.9 0l96.4 96.4 96.4-96.4c9.4-9.4 24.6-9.4 33.9 0l22.6 22.6c9.4 9.4 9.4 24.6 0 33.9l-136 136c-9.2 9.4-24.4 9.4-33.8 0z\"><\/path><\/svg><\/span>\n\t\t<\/span>\n\n\t\t\t\t\t\t<\/summary>\n\t\t\t\t<div role=\"region\" aria-labelledby=\"e-n-accordion-item-1642\" class=\"elementor-element elementor-element-f02485a e-con-full e-flex e-con e-child\" data-id=\"f02485a\" data-element_type=\"container\">\n\t\t\t\t<div class=\"elementor-element elementor-element-69d5d3d elementor-widget elementor-widget-text-editor\" data-id=\"69d5d3d\" data-element_type=\"widget\" data-widget_type=\"text-editor.default\">\n\t\t\t\t<div class=\"elementor-widget-container\">\n\t\t\t\t\t\t\t\t\t<p>Wir haben <strong>zwei Mal im Jahr<\/strong> einen Tag der offenen T\u00fcr. <br \/>Hierzu k\u00f6nnen Sie sich unter folgendem Link anmelden: <a href=\"https:\/\/www.infanterix.de\/anmeldung\/termine\/\">Tag der offenen T\u00fcr \u2013 Infanterix \u2013 Multilinguale Krippen &amp; Kinderg\u00e4rten.<\/a><br \/>Hier sehen Sie auch die Termine und Uhrzeiten. Sie erhalten eine Einladung zum Tag der offenen T\u00fcr, wenn Sie das Datenformular ausgef\u00fcllt haben. Die Termine werden auch auf der Website bekanntgegeben. Bitte haben Sie Verst\u00e4ndnis, dass wir nicht allen Eltern Einzeltermine anbieten k\u00f6nnen. Einen Einzeltermin k\u00f6nnen wir vereinbaren, wenn Ihnen ein verf\u00fcgbarer Platz von uns angeboten wird.<\/p>\t\t\t\t\t\t\t\t<\/div>\n\t\t\t\t<\/div>\n\t\t\t\t<\/div>\n\t\t\t\t\t<\/details>\n\t\t\t\t\t\t<details id=\"e-n-accordion-item-1643\" class=\"e-n-accordion-item\" >\n\t\t\t\t<summary class=\"e-n-accordion-item-title\" data-accordion-index=\"4\" tabindex=\"-1\" aria-expanded=\"false\" aria-controls=\"e-n-accordion-item-1643\" >\n\t\t\t\t\t<span class='e-n-accordion-item-title-header'><div class=\"e-n-accordion-item-title-text\"> Wir stellt sich die Bilingualit\u00e4t in unseren Einrichtungen dar? <\/div><\/span>\n\t\t\t\t\t\t\t<span class='e-n-accordion-item-title-icon'>\n\t\t\t<span class='e-opened' ><svg aria-hidden=\"true\" class=\"e-font-icon-svg e-fas-angle-up\" viewBox=\"0 0 320 512\" xmlns=\"http:\/\/www.w3.org\/2000\/svg\"><path d=\"M177 159.7l136 136c9.4 9.4 9.4 24.6 0 33.9l-22.6 22.6c-9.4 9.4-24.6 9.4-33.9 0L160 255.9l-96.4 96.4c-9.4 9.4-24.6 9.4-33.9 0L7 329.7c-9.4-9.4-9.4-24.6 0-33.9l136-136c9.4-9.5 24.6-9.5 34-.1z\"><\/path><\/svg><\/span>\n\t\t\t<span class='e-closed'><svg aria-hidden=\"true\" class=\"e-font-icon-svg e-fas-angle-down\" viewBox=\"0 0 320 512\" xmlns=\"http:\/\/www.w3.org\/2000\/svg\"><path d=\"M143 352.3L7 216.3c-9.4-9.4-9.4-24.6 0-33.9l22.6-22.6c9.4-9.4 24.6-9.4 33.9 0l96.4 96.4 96.4-96.4c9.4-9.4 24.6-9.4 33.9 0l22.6 22.6c9.4 9.4 9.4 24.6 0 33.9l-136 136c-9.2 9.4-24.4 9.4-33.8 0z\"><\/path><\/svg><\/span>\n\t\t<\/span>\n\n\t\t\t\t\t\t<\/summary>\n\t\t\t\t<div role=\"region\" aria-labelledby=\"e-n-accordion-item-1643\" class=\"elementor-element elementor-element-19de7cd e-flex e-con-boxed e-con e-child\" data-id=\"19de7cd\" data-element_type=\"container\">\n\t\t\t\t\t<div class=\"e-con-inner\">\n\t\t\t\t<div class=\"elementor-element elementor-element-bd0f7ae elementor-widget elementor-widget-text-editor\" data-id=\"bd0f7ae\" data-element_type=\"widget\" data-widget_type=\"text-editor.default\">\n\t\t\t\t<div class=\"elementor-widget-container\">\n\t\t\t\t\t\t\t\t\t<p>In unseren Gruppen arbeiten Betreuer, die mit den Kindern stets auf muttersprachlichem Niveau sprechen. Dadurch sind zwei Sprachen (Englisch\/Deutsch oder Franz\u00f6sisch\/Deutsch) im Alltag st\u00e4ndig pr\u00e4sent. Die Kinder lernen fr\u00fchzeitig die einzelnen Sprachen zu unterscheiden.<br \/>Die Grundlage unserer Arbeit bildet der Bayerische Bildungs- und Erziehungsplan. Im Mittelpunkt steht die Bilingualit\u00e4t. Die Zweisprachigkeit soll mit Hilfe des Prinzips <strong>\u201eEine Person, eine Sprache\u201c<\/strong> gef\u00f6rdert werden.<br \/>Mit Bilingualit\u00e4t ist dabei nicht nur die F\u00f6rderung der Zweisprachigkeit gemeint, sondern auch das Auseinandersetzen mit verschiedenen Kulturen und Br\u00e4uchen im Sinne von Projektarbeit.<br \/>Alle Details zu unserem p\u00e4dagogischen Konzept finden Sie in unserer Gesamtkonzeption: <a href=\"https:\/\/www.infanterix.de\/mehrsprachigkeit\/\">Mehrsprachigkeit \u2013 Infanterix \u2013 Multilinguale Krippen &amp; Kinderg\u00e4rten<\/a><\/p>\t\t\t\t\t\t\t\t<\/div>\n\t\t\t\t<\/div>\n\t\t\t\t\t<\/div>\n\t\t\t\t<\/div>\n\t\t\t\t\t<\/details>\n\t\t\t\t\t\t<details id=\"e-n-accordion-item-1644\" class=\"e-n-accordion-item\" >\n\t\t\t\t<summary class=\"e-n-accordion-item-title\" data-accordion-index=\"5\" tabindex=\"-1\" aria-expanded=\"false\" aria-controls=\"e-n-accordion-item-1644\" >\n\t\t\t\t\t<span class='e-n-accordion-item-title-header'><div class=\"e-n-accordion-item-title-text\"> Was wird vor dem Beginn in der Kita ben\u00f6tigt? <\/div><\/span>\n\t\t\t\t\t\t\t<span class='e-n-accordion-item-title-icon'>\n\t\t\t<span class='e-opened' ><svg aria-hidden=\"true\" class=\"e-font-icon-svg e-fas-angle-up\" viewBox=\"0 0 320 512\" xmlns=\"http:\/\/www.w3.org\/2000\/svg\"><path d=\"M177 159.7l136 136c9.4 9.4 9.4 24.6 0 33.9l-22.6 22.6c-9.4 9.4-24.6 9.4-33.9 0L160 255.9l-96.4 96.4c-9.4 9.4-24.6 9.4-33.9 0L7 329.7c-9.4-9.4-9.4-24.6 0-33.9l136-136c9.4-9.5 24.6-9.5 34-.1z\"><\/path><\/svg><\/span>\n\t\t\t<span class='e-closed'><svg aria-hidden=\"true\" class=\"e-font-icon-svg e-fas-angle-down\" viewBox=\"0 0 320 512\" xmlns=\"http:\/\/www.w3.org\/2000\/svg\"><path d=\"M143 352.3L7 216.3c-9.4-9.4-9.4-24.6 0-33.9l22.6-22.6c9.4-9.4 24.6-9.4 33.9 0l96.4 96.4 96.4-96.4c9.4-9.4 24.6-9.4 33.9 0l22.6 22.6c9.4 9.4 9.4 24.6 0 33.9l-136 136c-9.2 9.4-24.4 9.4-33.8 0z\"><\/path><\/svg><\/span>\n\t\t<\/span>\n\n\t\t\t\t\t\t<\/summary>\n\t\t\t\t<div role=\"region\" aria-labelledby=\"e-n-accordion-item-1644\" class=\"elementor-element elementor-element-61bb381 e-flex e-con-boxed e-con e-child\" data-id=\"61bb381\" data-element_type=\"container\">\n\t\t\t\t\t<div class=\"e-con-inner\">\n\t\t\t\t<div class=\"elementor-element elementor-element-fd89df4 elementor-widget elementor-widget-text-editor\" data-id=\"fd89df4\" data-element_type=\"widget\" data-widget_type=\"text-editor.default\">\n\t\t\t\t<div class=\"elementor-widget-container\">\n\t\t\t\t\t\t\t\t\t<ul><li>Es wird eine \u00e4rztliche Unbedenklichkeitsbescheinigung ben\u00f6tigt, aus der ersichtlich ist, ob und ggf. welche gesundheitlichen Bedenken gegen den Besuch der Betreuungseinrichtung bestehen. Die Bescheinigung darf nicht \u00e4lter als vier Wochen vor der Aufnahme des Kindes sein.<\/li><li>Ein Nachweis \u00fcber die Beratung hinsichtlich aller notwendigen und \u00f6ffentlich empfohlenen Schutzimpfungen des Landes Bayern, insbesondere gegen Masern. Die Masernimpfungen m\u00fcssen durchgef\u00fchrt worden sein und der Nachweis vorlegt werden.<\/li><li>Es wird ein Erstgespr\u00e4ch ca. drei Wochen vor Beginn stattfinden, in welchem die Eingew\u00f6hnung, Informationen zum Kind wie Allergien, Essgewohnheiten, etc., Abholpersonen, Mitbringliste, etc. ausf\u00fchrlich besprochen werden.<\/li><\/ul>\t\t\t\t\t\t\t\t<\/div>\n\t\t\t\t<\/div>\n\t\t\t\t\t<\/div>\n\t\t\t\t<\/div>\n\t\t\t\t\t<\/details>\n\t\t\t\t\t\t<details id=\"e-n-accordion-item-1645\" class=\"e-n-accordion-item\" >\n\t\t\t\t<summary class=\"e-n-accordion-item-title\" data-accordion-index=\"6\" tabindex=\"-1\" aria-expanded=\"false\" aria-controls=\"e-n-accordion-item-1645\" >\n\t\t\t\t\t<span class='e-n-accordion-item-title-header'><div class=\"e-n-accordion-item-title-text\"> Welche Geb\u00fchrenerm\u00e4\u00dfigungen sind m\u00f6glich? <\/div><\/span>\n\t\t\t\t\t\t\t<span class='e-n-accordion-item-title-icon'>\n\t\t\t<span class='e-opened' ><svg aria-hidden=\"true\" class=\"e-font-icon-svg e-fas-angle-up\" viewBox=\"0 0 320 512\" xmlns=\"http:\/\/www.w3.org\/2000\/svg\"><path d=\"M177 159.7l136 136c9.4 9.4 9.4 24.6 0 33.9l-22.6 22.6c-9.4 9.4-24.6 9.4-33.9 0L160 255.9l-96.4 96.4c-9.4 9.4-24.6 9.4-33.9 0L7 329.7c-9.4-9.4-9.4-24.6 0-33.9l136-136c9.4-9.5 24.6-9.5 34-.1z\"><\/path><\/svg><\/span>\n\t\t\t<span class='e-closed'><svg aria-hidden=\"true\" class=\"e-font-icon-svg e-fas-angle-down\" viewBox=\"0 0 320 512\" xmlns=\"http:\/\/www.w3.org\/2000\/svg\"><path d=\"M143 352.3L7 216.3c-9.4-9.4-9.4-24.6 0-33.9l22.6-22.6c9.4-9.4 24.6-9.4 33.9 0l96.4 96.4 96.4-96.4c9.4-9.4 24.6-9.4 33.9 0l22.6 22.6c9.4 9.4 9.4 24.6 0 33.9l-136 136c-9.2 9.4-24.4 9.4-33.8 0z\"><\/path><\/svg><\/span>\n\t\t<\/span>\n\n\t\t\t\t\t\t<\/summary>\n\t\t\t\t<div role=\"region\" aria-labelledby=\"e-n-accordion-item-1645\" class=\"elementor-element elementor-element-e261d25 e-flex e-con-boxed e-con e-child\" data-id=\"e261d25\" data-element_type=\"container\">\n\t\t\t\t\t<div class=\"e-con-inner\">\n\t\t\t\t<div class=\"elementor-element elementor-element-f6329a8 elementor-widget elementor-widget-text-editor\" data-id=\"f6329a8\" data-element_type=\"widget\" data-widget_type=\"text-editor.default\">\n\t\t\t\t<div class=\"elementor-widget-container\">\n\t\t\t\t\t\t\t\t\t<p>In den Einrichtungen, die im F\u00f6rdermodell der Stadt-M\u00fcnchen sind, haben Sie die M\u00f6glichkeit im Krippenbereich bei Einreichung des Krippengeldbescheides, eines Leistungsbescheides oder dem M\u00fcnchner-Pass, dass der Grundbeitrag der Krippengeb\u00fchren reduziert wird.<\/p><p>Bei Vorliegen eines entsprechenden Kindergeldbescheides k\u00f6nnen die Grundgeb\u00fchren beim zweitgeborenem Kind um die H\u00e4lfte, ab dem drittgeborenem Kind auf 100,00\u20ac reduziert werden.<\/p><p>Zudem haben Sie bei allen Einrichtungen die M\u00f6glichkeit einen Antrag auf Wirtschaftliche Jugendhilfe und einen Antrag auf Bildung und Teilhabe f\u00fcr das Mittagessen zu stellen. Ebenso haben Sie die M\u00f6glichkeit das Bayrische Krippengeld und Familiengeld zu beantragen. Die zugeh\u00f6rigen Links den Antragm\u00f6glichkeiten erhalten Sie hier:<\/p><ul><li><a href=\"https:\/\/www.zbfs.bayern.de\/familienleistungen\/krippengeld\/#:~:text=Sie%20wollen%20einen%20Antrag%20stellen%3F%20Informationen%20zur%20Antragstellung,Dann%20teilen%20Sie%20uns%20die%20%C3%84nderung%20bitte%20mit.\">Bayerisches Krippengeld | ZBFS &#8211; Zentrum Bayern Familie und Soziales<\/a><\/li><li><a href=\"https:\/\/stadt.muenchen.de\/service\/info\/servicestelle-kita-beitraege\/10390719\/\">https:\/\/stadt.muenchen.de\/service\/info\/servicestelle-kita-beitraege\/10390719\/<\/a>.<\/li><li><a href=\"https:\/\/kita-orientierungsrechner-wjh.muenchen.de\/\">https:\/\/kita-orientierungsrechner-wjh.muenchen.de\/<\/a><\/li><li><a href=\"https:\/\/www.arbeitsagentur.de\/familie-und-kinder\/informationen-zum-bildungspaket\">https:\/\/www.arbeitsagentur.de\/familie-und-kinder\/informationen-zum-bildungspaket<\/a><\/li><\/ul>\t\t\t\t\t\t\t\t<\/div>\n\t\t\t\t<\/div>\n\t\t\t\t\t<\/div>\n\t\t\t\t<\/div>\n\t\t\t\t\t<\/details>\n\t\t\t\t\t<\/div>\n\t\t\t\t\t<script type=\"application\/ld+json\">{\"@context\":\"https:\\\/\\\/schema.org\",\"@type\":\"FAQPage\",\"mainEntity\":[{\"@type\":\"Question\",\"name\":\"Wie melde ich mich f\\u00fcr eine Platz an?\",\"acceptedAnswer\":{\"@type\":\"Answer\",\"text\":\"F\\u00fcr M\\u00fcnchner Einrichtungen, die im F\\u00f6rdermodell der Stadt M\\u00fcnchen sind m\\u00fcssen Sie sich \\u00fcber den kita-Finder Plus anmelden und auf unserer Website das Datenformular ausf\\u00fcllen. F\\u00fcr die Einrichtungen au\\u00dferhalb M\\u00fcnchen ist das Anmeldeverfahren von Gemeinde zu Gemeinde unterschiedlich. Alle Portale und Informationen erhalten Sie hier: Anmeldung \\u2013 Infanterix \\u2013 Multilinguale Krippen &amp; Kinderg\\u00e4rten\"}},{\"@type\":\"Question\",\"name\":\"Wann bekomme ich eine R\\u00fcckmeldung?\",\"acceptedAnswer\":{\"@type\":\"Answer\",\"text\":\"F\\u00fcr Platzanmeldungen zum Start eines Kindergartenjahres (September):F\\u00fcr M\\u00fcnchner Einrichtungen, die im F\\u00f6rdermodell der Stadt M\\u00fcnchen sind erhalten Sie eine R\\u00fcckmeldung, ob wir Ihnen einen Platz zusagen k\\u00f6nnen am zentralen Stichtag, der immer Anfang M\\u00e4rz liegt.In den Nicht-M\\u00fcnchner Einrichtungen sind die Stichtage zur R\\u00fcckmeldung wie folgt:Stein = JanuarUnterhaching Krippe = Mai , Unterhaching KiGA= AprilGermering= AprilIngolstadt= M\\u00e4rzAugsburg= M\\u00e4rzBei Anmeldungen zu unterj\\u00e4hrigen Startdaten melden wir uns bei Ihnen individuell, wenn ein Platz frei wird.\"}},{\"@type\":\"Question\",\"name\":\"Wie kann ich eine Einrichtung besichtigen?\",\"acceptedAnswer\":{\"@type\":\"Answer\",\"text\":\"Wir haben zwei Mal im Jahr einen Tag der offenen T\\u00fcr. Hierzu k\\u00f6nnen Sie sich unter folgendem Link anmelden: Tag der offenen T\\u00fcr \\u2013 Infanterix \\u2013 Multilinguale Krippen &amp; Kinderg\\u00e4rten.Hier sehen Sie auch die Termine und Uhrzeiten. Sie erhalten eine Einladung zum Tag der offenen T\\u00fcr, wenn Sie das Datenformular ausgef\\u00fcllt haben. Die Termine werden auch auf der Website bekanntgegeben. Bitte haben Sie Verst\\u00e4ndnis, dass wir nicht allen Eltern Einzeltermine anbieten k\\u00f6nnen. Einen Einzeltermin k\\u00f6nnen wir vereinbaren, wenn Ihnen ein verf\\u00fcgbarer Platz von uns angeboten wird.\"}},{\"@type\":\"Question\",\"name\":\"Wir stellt sich die Bilingualit\\u00e4t in unseren Einrichtungen dar?\",\"acceptedAnswer\":{\"@type\":\"Answer\",\"text\":\"In unseren Gruppen arbeiten Betreuer, die mit den Kindern stets auf muttersprachlichem Niveau sprechen. Dadurch sind zwei Sprachen (Englisch\\\/Deutsch oder Franz\\u00f6sisch\\\/Deutsch) im Alltag st\\u00e4ndig pr\\u00e4sent. Die Kinder lernen fr\\u00fchzeitig die einzelnen Sprachen zu unterscheiden.Die Grundlage unserer Arbeit bildet der Bayerische Bildungs- und Erziehungsplan. Im Mittelpunkt steht die Bilingualit\\u00e4t. Die Zweisprachigkeit soll mit Hilfe des Prinzips \\u201eEine Person, eine Sprache\\u201c gef\\u00f6rdert werden.Mit Bilingualit\\u00e4t ist dabei nicht nur die F\\u00f6rderung der Zweisprachigkeit gemeint, sondern auch das Auseinandersetzen mit verschiedenen Kulturen und Br\\u00e4uchen im Sinne von Projektarbeit.Alle Details zu unserem p\\u00e4dagogischen Konzept finden Sie in unserer Gesamtkonzeption: Mehrsprachigkeit \\u2013 Infanterix \\u2013 Multilinguale Krippen &amp; Kinderg\\u00e4rten\"}},{\"@type\":\"Question\",\"name\":\"Was wird vor dem Beginn in der Kita ben\\u00f6tigt?\",\"acceptedAnswer\":{\"@type\":\"Answer\",\"text\":\"Es wird eine \\u00e4rztliche Unbedenklichkeitsbescheinigung ben\\u00f6tigt, aus der ersichtlich ist, ob und ggf. welche gesundheitlichen Bedenken gegen den Besuch der Betreuungseinrichtung bestehen. Die Bescheinigung darf nicht \\u00e4lter als vier Wochen vor der Aufnahme des Kindes sein.Ein Nachweis \\u00fcber die Beratung hinsichtlich aller notwendigen und \\u00f6ffentlich empfohlenen Schutzimpfungen des Landes Bayern, insbesondere gegen Masern. Die Masernimpfungen m\\u00fcssen durchgef\\u00fchrt worden sein und der Nachweis vorlegt werden.Es wird ein Erstgespr\\u00e4ch ca. drei Wochen vor Beginn stattfinden, in welchem die Eingew\\u00f6hnung, Informationen zum Kind wie Allergien, Essgewohnheiten, etc., Abholpersonen, Mitbringliste, etc. ausf\\u00fchrlich besprochen werden.\"}},{\"@type\":\"Question\",\"name\":\"Welche Geb\\u00fchrenerm\\u00e4\\u00dfigungen sind m\\u00f6glich?\",\"acceptedAnswer\":{\"@type\":\"Answer\",\"text\":\"In den Einrichtungen, die im F\\u00f6rdermodell der Stadt-M\\u00fcnchen sind, haben Sie die M\\u00f6glichkeit im Krippenbereich bei Einreichung des Krippengeldbescheides, eines Leistungsbescheides oder dem M\\u00fcnchner-Pass, dass der Grundbeitrag der Krippengeb\\u00fchren reduziert wird.Bei Vorliegen eines entsprechenden Kindergeldbescheides k\\u00f6nnen die Grundgeb\\u00fchren beim zweitgeborenem Kind um die H\\u00e4lfte, ab dem drittgeborenem Kind auf 100,00\\u20ac reduziert werden.Zudem haben Sie bei allen Einrichtungen die M\\u00f6glichkeit einen Antrag auf Wirtschaftliche Jugendhilfe und einen Antrag auf Bildung und Teilhabe f\\u00fcr das Mittagessen zu stellen. Ebenso haben Sie die M\\u00f6glichkeit das Bayrische Krippengeld und Familiengeld zu beantragen. Die zugeh\\u00f6rigen Links den Antragm\\u00f6glichkeiten erhalten Sie hier:Bayerisches Krippengeld | ZBFS &#8211; Zentrum Bayern Familie und Sozialeshttps:\\\/\\\/stadt.muenchen.de\\\/service\\\/info\\\/servicestelle-kita-beitraege\\\/10390719\\\/.https:\\\/\\\/kita-orientierungsrechner-wjh.muenchen.de\\\/https:\\\/\\\/www.arbeitsagentur.de\\\/familie-und-kinder\\\/informationen-zum-bildungspaket\"}}]}<\/script>\n\t\t\t\t\t\t\t<\/div>\n\t\t\t\t<\/div>\n\t\t\t\t\t<\/div>\n\t\t\t\t<\/div>\n\t\t\t\t<\/div>\n\t\t","protected":false},"excerpt":{"rendered":"<p>Wie melde ich mich f\u00fcr eine Platz an? F\u00fcr M\u00fcnchner Einrichtungen, die im F\u00f6rdermodell der Stadt M\u00fcnchen sind m\u00fcssen Sie sich \u00fcber den kita-Finder Plus anmelden und auf unserer Website das Datenformular ausf\u00fcllen. F\u00fcr die Einrichtungen au\u00dferhalb M\u00fcnchen ist das Anmeldeverfahren von Gemeinde zu Gemeinde&#8230;<\/p>\n","protected":false},"author":23,"featured_media":0,"parent":10045,"menu_order":0,"comment_status":"closed","ping_status":"closed","template":"","meta":{"footnotes":""},"class_list":["post-36447","page","type-page","status-publish","hentry"],"translation":{"provider":"WPGlobus","version":"2.12.0","language":"en","enabled_languages":["de","en","fr"],"languages":{"de":{"title":true,"content":true,"excerpt":false},"en":{"title":false,"content":false,"excerpt":false},"fr":{"title":false,"content":false,"excerpt":false}}},"_links":{"self":[{"href":"https:\/\/www.infanterix.de\/en\/wp-json\/wp\/v2\/pages\/36447","targetHints":{"allow":["GET"]}}],"collection":[{"href":"https:\/\/www.infanterix.de\/en\/wp-json\/wp\/v2\/pages"}],"about":[{"href":"https:\/\/www.infanterix.de\/en\/wp-json\/wp\/v2\/types\/page"}],"author":[{"embeddable":true,"href":"https:\/\/www.infanterix.de\/en\/wp-json\/wp\/v2\/users\/23"}],"replies":[{"embeddable":true,"href":"https:\/\/www.infanterix.de\/en\/wp-json\/wp\/v2\/comments?post=36447"}],"version-history":[{"count":23,"href":"https:\/\/www.infanterix.de\/en\/wp-json\/wp\/v2\/pages\/36447\/revisions"}],"predecessor-version":[{"id":36471,"href":"https:\/\/www.infanterix.de\/en\/wp-json\/wp\/v2\/pages\/36447\/revisions\/36471"}],"up":[{"embeddable":true,"href":"https:\/\/www.infanterix.de\/en\/wp-json\/wp\/v2\/pages\/10045"}],"wp:attachment":[{"href":"https:\/\/www.infanterix.de\/en\/wp-json\/wp\/v2\/media?parent=36447"}],"curies":[{"name":"wp","href":"https:\/\/api.w.org\/{rel}","templated":true}]}}